{"id":8642,"date":"2023-03-10T12:18:11","date_gmt":"2023-03-10T11:18:11","guid":{"rendered":"https:\/\/www.ease.fr\/wordpress\/?post_type=product&#038;p=8642"},"modified":"2023-08-13T15:35:10","modified_gmt":"2023-08-13T13:35:10","slug":"t-shirt-lejdp","status":"publish","type":"product","link":"https:\/\/www.ease.fr\/wordpress\/produit\/t-shirt-lejdp\/","title":{"rendered":"T-shirt EASE | Le Journal des Poules"},"content":{"rendered":"<p>Un T-shirt 230grammes\/m\u00b2, \u00e9pais, de haute qualit\u00e9. Bleu. Fabriqu\u00e9 en France avec du coton certifi\u00e9 bio.<\/p>\n<p>Logo \u00ab\u00a0<strong>Poule<\/strong>\u00a0\u00bb avec texte \u00ab\u00a0<strong>LeJDP<\/strong>\u00ab\u00a0.<\/p>\n<p>Fabriqu\u00e9 \u00e0 la commande \/ Livraison + 7 jours<\/p>\n<span class=\"et_bloom_bottom_trigger\"><\/span>","protected":false},"excerpt":{"rendered":"<p>Un T-shirt 230grammes\/m\u00b2, \u00e9pais, de haute qualit\u00e9. Bleu. Fabriqu\u00e9 en France avec du coton certifi\u00e9 bio.<\/p>\n<p>Logo \u00ab\u00a0<strong>Poule<\/strong>\u00a0\u00bb avec texte \u00ab\u00a0<strong>LeJDP<\/strong>\u00ab\u00a0.<\/p>\n<p>Fabriqu\u00e9 \u00e0 la commande \/ Livraison + 7 jours<\/p>\n","protected":false},"featured_media":8643,"comment_status":"open","ping_status":"closed","template":"","meta":{"_et_pb_use_builder":"on","_et_pb_old_content":"Un T-shirt 230grammes\/m\u00b2, \u00e9pais, de haute qualit\u00e9. Bleu. Fabriqu\u00e9 en France avec du coton certifi\u00e9 bio.\r\n\r\nLogo \"<strong>Poule<\/strong>\" avec texte \"<strong>LeJDP<\/strong>\".\r\n\r\nFabriqu\u00e9 \u00e0 la commande \/ Livraison + 7 jours","_et_gb_content_width":"","episode_type":"","audio_file":"","podmotor_file_id":"","podmotor_episode_id":"","cover_image":"","cover_image_id":"","duration":"","filesize":"","filesize_raw":"","date_recorded":"","explicit":"","block":"","itunes_episode_number":"","itunes_title":"","itunes_season_number":"","itunes_episode_type":""},"product_brand":[],"product_cat":[114],"product_tag":[115],"class_list":{"0":"post-8642","1":"product","2":"type-product","3":"status-publish","4":"has-post-thumbnail","6":"product_cat-merchandising","7":"product_tag-t-shirt","9":"first","10":"instock","11":"sale","12":"sold-individually","13":"shipping-taxable","14":"purchasable","15":"product-type-simple"},"aioseo_notices":[],"_links":{"self":[{"href":"https:\/\/www.ease.fr\/wordpress\/wp-json\/wp\/v2\/product\/8642","targetHints":{"allow":["GET"]}}],"collection":[{"href":"https:\/\/www.ease.fr\/wordpress\/wp-json\/wp\/v2\/product"}],"about":[{"href":"https:\/\/www.ease.fr\/wordpress\/wp-json\/wp\/v2\/types\/product"}],"replies":[{"embeddable":true,"href":"https:\/\/www.ease.fr\/wordpress\/wp-json\/wp\/v2\/comments?post=8642"}],"wp:featuredmedia":[{"embeddable":true,"href":"https:\/\/www.ease.fr\/wordpress\/wp-json\/wp\/v2\/media\/8643"}],"wp:attachment":[{"href":"https:\/\/www.ease.fr\/wordpress\/wp-json\/wp\/v2\/media?parent=8642"}],"wp:term":[{"taxonomy":"product_brand","embeddable":true,"href":"https:\/\/www.ease.fr\/wordpress\/wp-json\/wp\/v2\/product_brand?post=8642"},{"taxonomy":"product_cat","embeddable":true,"href":"https:\/\/www.ease.fr\/wordpress\/wp-json\/wp\/v2\/product_cat?post=8642"},{"taxonomy":"product_tag","embeddable":true,"href":"https:\/\/www.ease.fr\/wordpress\/wp-json\/wp\/v2\/product_tag?post=8642"}],"curies":[{"name":"wp","href":"https:\/\/api.w.org\/{rel}","templated":true}]}}