{"id":8417,"date":"2023-03-09T10:54:14","date_gmt":"2023-03-09T09:54:14","guid":{"rendered":"https:\/\/www.ease.fr\/wordpress\/?post_type=product&#038;p=8417"},"modified":"2023-04-02T00:39:59","modified_gmt":"2023-04-01T22:39:59","slug":"adhesion-a-lassociation-ease","status":"publish","type":"product","link":"https:\/\/www.ease.fr\/wordpress\/produit\/adhesion-a-lassociation-ease\/","title":{"rendered":"Adh\u00e9sion \u00e0 l&rsquo;association EASE"},"content":{"rendered":"<p>Adh\u00e9sion de 1 an \u00e0 l&rsquo;association <strong>EASE Productions.\u00a0<\/strong><\/p>\n<p>Possibilit\u00e9 de consulter L<strong>&lsquo;Atelier \u00e0 Ordinateurs.<\/strong><\/p>\n<p>Aide active \u00e0 la r\u00e9alisation des projets de l&rsquo;association.<\/p>\n<p>Acc\u00e8s aux ressources priv\u00e9es de notre site : <a href=\"https:\/\/EASE.FR\">https:\/\/EASE.FR\u00a0<\/a><\/p>\n<span class=\"et_bloom_bottom_trigger\"><\/span>","protected":false},"excerpt":{"rendered":"<p>Adh\u00e9sion de 1 an \u00e0 l&rsquo;association <strong>EASE Productions.\u00a0<\/strong><\/p>\n<p>Possibilit\u00e9 de consulter pendant 1 an L<strong>&lsquo;Atelier \u00e0 Ordinateurs.<\/strong><\/p>\n<p>Aide active \u00e0 la r\u00e9alisation des projets de l&rsquo;association.<\/p>\n<p>Acc\u00e8s aux ressources priv\u00e9es du site <a href=\"https:\/\/EASE.FR\">https:\/\/EASE.FR\u00a0<\/a><\/p>\n","protected":false},"featured_media":8418,"comment_status":"open","ping_status":"closed","template":"","meta":{"_et_pb_use_builder":"on","_et_pb_old_content":"Adh\u00e9sion de 1 an \u00e0 l'association <strong>EASE Productions.\u00a0<\/strong>\r\n\r\nPossibilit\u00e9 de consulter L<strong>'Atelier \u00e0 Ordinateurs.<\/strong>\r\n\r\nAide active \u00e0 la r\u00e9alisation des projets de l'association.\r\n\r\nAcc\u00e8s aux ressources priv\u00e9es de notre site : <a href=\"https:\/\/EASE.FR\">https:\/\/EASE.FR\u00a0<\/a>","_et_gb_content_width":"","episode_type":"","audio_file":"","podmotor_file_id":"","podmotor_episode_id":"","cover_image":"","cover_image_id":"","duration":"","filesize":"","filesize_raw":"","date_recorded":"","explicit":"","block":"","itunes_episode_number":"","itunes_title":"","itunes_season_number":"","itunes_episode_type":""},"product_brand":[],"product_cat":[112],"product_tag":[113],"class_list":{"0":"post-8417","1":"product","2":"type-product","3":"status-publish","4":"has-post-thumbnail","6":"product_cat-adhesions","7":"product_tag-adhesions","9":"first","10":"instock","11":"featured","12":"downloadable","13":"virtual","14":"purchasable","15":"product-type-simple"},"aioseo_notices":[],"_links":{"self":[{"href":"https:\/\/www.ease.fr\/wordpress\/wp-json\/wp\/v2\/product\/8417","targetHints":{"allow":["GET"]}}],"collection":[{"href":"https:\/\/www.ease.fr\/wordpress\/wp-json\/wp\/v2\/product"}],"about":[{"href":"https:\/\/www.ease.fr\/wordpress\/wp-json\/wp\/v2\/types\/product"}],"replies":[{"embeddable":true,"href":"https:\/\/www.ease.fr\/wordpress\/wp-json\/wp\/v2\/comments?post=8417"}],"wp:featuredmedia":[{"embeddable":true,"href":"https:\/\/www.ease.fr\/wordpress\/wp-json\/wp\/v2\/media\/8418"}],"wp:attachment":[{"href":"https:\/\/www.ease.fr\/wordpress\/wp-json\/wp\/v2\/media?parent=8417"}],"wp:term":[{"taxonomy":"product_brand","embeddable":true,"href":"https:\/\/www.ease.fr\/wordpress\/wp-json\/wp\/v2\/product_brand?post=8417"},{"taxonomy":"product_cat","embeddable":true,"href":"https:\/\/www.ease.fr\/wordpress\/wp-json\/wp\/v2\/product_cat?post=8417"},{"taxonomy":"product_tag","embeddable":true,"href":"https:\/\/www.ease.fr\/wordpress\/wp-json\/wp\/v2\/product_tag?post=8417"}],"curies":[{"name":"wp","href":"https:\/\/api.w.org\/{rel}","templated":true}]}}