{"id":7854,"date":"2022-08-03T09:21:13","date_gmt":"2022-08-03T07:21:13","guid":{"rendered":"https:\/\/www.ease.fr\/wordpress\/?page_id=7854"},"modified":"2023-07-22T22:44:27","modified_gmt":"2023-07-22T20:44:27","slug":"ease-productions","status":"publish","type":"page","link":"https:\/\/www.ease.fr\/wordpress\/ease-productions\/","title":{"rendered":"EASE Productions"},"content":{"rendered":"<p>[et_pb_section fb_built=\u00a0\u00bb1&Prime; _builder_version=\u00a0\u00bb4.21.0&Prime; _module_preset=\u00a0\u00bbdefault\u00a0\u00bb background_image=\u00a0\u00bbhttps:\/\/www.ease.fr\/wordpress\/wp-content\/uploads\/CARREAUXPAPERSEAMLESS.jpg\u00a0\u00bb custom_padding=\u00a0\u00bb0px|||||\u00a0\u00bb top_divider_style=\u00a0\u00bbclouds2&Prime; top_divider_color=\u00a0\u00bb#0C71C3&Prime; top_divider_height=\u00a0\u00bb200px\u00a0\u00bb top_divider_arrangement=\u00a0\u00bbabove_content\u00a0\u00bb bottom_divider_style=\u00a0\u00bbwaves\u00a0\u00bb bottom_divider_color=\u00a0\u00bb#0a4401&Prime; hover_enabled=\u00a0\u00bb0&Prime; global_colors_info=\u00a0\u00bb{}\u00a0\u00bb background_size=\u00a0\u00bbinitial\u00a0\u00bb background_repeat=\u00a0\u00bbrepeat\u00a0\u00bb sticky_enabled=\u00a0\u00bb0&Prime;][et_pb_row use_custom_gutter=\u00a0\u00bbon\u00a0\u00bb gutter_width=\u00a0\u00bb2&Prime; _builder_version=\u00a0\u00bb4.17.6&Prime; _module_preset=\u00a0\u00bbdefault\u00a0\u00bb width=\u00a0\u00bb100%\u00a0\u00bb max_width=\u00a0\u00bb331px\u00a0\u00bb module_alignment=\u00a0\u00bbcenter\u00a0\u00bb min_height=\u00a0\u00bb122.8px\u00a0\u00bb custom_padding=\u00a0\u00bb0px||16px|||\u00a0\u00bb global_colors_info=\u00a0\u00bb{}\u00a0\u00bb][et_pb_column type=\u00a0\u00bb4_4&Prime; _builder_version=\u00a0\u00bb4.17.6&Prime; _module_preset=\u00a0\u00bbdefault\u00a0\u00bb global_colors_info=\u00a0\u00bb{}\u00a0\u00bb][et_pb_code _builder_version=\u00a0\u00bb4.21.0&Prime; _module_preset=\u00a0\u00bbdefault\u00a0\u00bb global_colors_info=\u00a0\u00bb{}\u00a0\u00bb]<\/p>\n<style>.boxA{<!-- [et_pb_line_break_holder] -->width: 250px;<!-- [et_pb_line_break_holder] -->height: 250px;<!-- [et_pb_line_break_holder] --><!-- [et_pb_line_break_holder] -->position: absolute;<!-- [et_pb_line_break_holder] -->left: 13%;<!-- [et_pb_line_break_holder] -->top: 100px;<!-- [et_pb_line_break_holder] -->}<\/style>\n<p><!-- [et_pb_line_break_holder] --><\/p>\n<style><!-- [et_pb_line_break_holder] -->  .wprock-img-zoom-hover .wprock-img-zoom {<!-- [et_pb_line_break_holder] -->        overflow: hidden;<!-- [et_pb_line_break_holder] -->        position: relative; <!-- [et_pb_line_break_holder] -->    }<!-- [et_pb_line_break_holder] -->    .wprock-img-zoom-hover .wprock-img-zoom img {<!-- [et_pb_line_break_holder] -->        max-width: 100%;<!-- [et_pb_line_break_holder] -->        -moz-transition: all 0.8s;<!-- [et_pb_line_break_holder] -->        -webkit-transition: all 0.8s;<!-- [et_pb_line_break_holder] -->        transition: all 0.8s;<!-- [et_pb_line_break_holder] -->    }<!-- [et_pb_line_break_holder] -->    .wprock-img-zoom-hover .wprock-img-zoom * {<!-- [et_pb_line_break_holder] -->        -moz-box-sizing: border-box;<!-- [et_pb_line_break_holder] -->        -webkit-box-sizing: border-box;<!-- [et_pb_line_break_holder] -->        box-sizing: border-box;<!-- [et_pb_line_break_holder] -->        margin: 0;<!-- [et_pb_line_break_holder] -->        padding: 0;<!-- [et_pb_line_break_holder] -->    }<!-- [et_pb_line_break_holder] -->    .wprock-img-zoom-hover:hover .wprock-img-zoom img {<!-- [et_pb_line_break_holder] -->        -moz-transform: scale(1.06);<!-- [et_pb_line_break_holder] -->        -webkit-transform: scale(1.06);<!-- [et_pb_line_break_holder] -->        transform: scale(1.06);<!-- [et_pb_line_break_holder] -->    }<!-- [et_pb_line_break_holder] --><\/style>\n<p>[\/et_pb_code][et_pb_image src=\u00a0\u00bbhttps:\/\/www.ease.fr\/wordpress\/wp-content\/uploads\/EASE-NEW-LOGO-BANDEAU.png\u00a0\u00bb title_text=\u00a0\u00bbEASE-NEW-LOGO-BANDEAU\u00a0\u00bb _builder_version=\u00a0\u00bb4.18.0&Prime; _module_preset=\u00a0\u00bbdefault\u00a0\u00bb min_height=\u00a0\u00bb72.4px\u00a0\u00bb custom_margin=\u00a0\u00bb||0px|||\u00a0\u00bb global_colors_info=\u00a0\u00bb{}\u00a0\u00bb][\/et_pb_image][et_pb_code disabled_on=\u00a0\u00bbon|on|off\u00a0\u00bb admin_label=\u00a0\u00bbSOLEILGLOBAL\u00a0\u00bb _builder_version=\u00a0\u00bb4.21.0&Prime; _module_preset=\u00a0\u00bbdefault\u00a0\u00bb animation_style=\u00a0\u00bbnone\u00a0\u00bb global_colors_info=\u00a0\u00bb{}\u00a0\u00bb global_module=\u00a0\u00bb10351&Prime;]<html><!-- [et_pb_line_break_holder] --><\/p>\n<div class=\"oscillating-image\"><!-- [et_pb_line_break_holder] --><img decoding=\"async\" src=\"https:\/\/www.ease.fr\/wordpress\/wp-content\/uploads\/SOLEIL-SOURIANT.svg\" alt=\"Soleil\"><!-- [et_pb_line_break_holder] --><\/div>\n<p><!-- [et_pb_line_break_holder] --><!-- [et_pb_line_break_holder] --><\/p>\n<style><!-- [et_pb_line_break_holder] -->.oscillating-image {<!-- [et_pb_line_break_holder] -->  width: 10%;<!-- [et_pb_line_break_holder] -->  height: auto;<!-- [et_pb_line_break_holder] -->  position: fixed;<!-- [et_pb_line_break_holder] -->  right: 10px;<!-- [et_pb_line_break_holder] -->  z-index: 9999;<!-- [et_pb_line_break_holder] -->  animation: oscillate 2s ease-in-out infinite, fadeIn 3s ease-in-out forwards;<!-- [et_pb_line_break_holder] -->}<!-- [et_pb_line_break_holder] -->@keyframes oscillate {<!-- [et_pb_line_break_holder] -->  0% { transform: translate(0, 0); }<!-- [et_pb_line_break_holder] -->  50% { transform: translate(3px, 3px); }<!-- [et_pb_line_break_holder] -->  100% { transform: translate(0, 0); }<!-- [et_pb_line_break_holder] -->}<!-- [et_pb_line_break_holder] -->@keyframes fadeIn {<!-- [et_pb_line_break_holder] -->  0% { opacity: 0; }<!-- [et_pb_line_break_holder] -->  90% { opacity: 0; }<!-- [et_pb_line_break_holder] -->  100% { opacity: 1; }<!-- [et_pb_line_break_holder] -->}<!-- [et_pb_line_break_holder] --><\/style>\n<p><!-- [et_pb_line_break_holder] --><!-- [et_pb_line_break_holder] --><script><!-- [et_pb_line_break_holder] -->window.onload = function() {<!-- [et_pb_line_break_holder] -->  var el = document.querySelector('.oscillating-image');<!-- [et_pb_line_break_holder] -->  var initialTop = 10; \/\/ This is the initial 'top' value for your element in percentage<!-- [et_pb_line_break_holder] -->  var rate = 2.5;  \/\/ Higher values will speed up the parallax effect<!-- [et_pb_line_break_holder] --><!-- [et_pb_line_break_holder] -->  function updatePosition() {<!-- [et_pb_line_break_holder] -->    var scrolledTop = (window.pageYOffset * rate) \/ (document.documentElement.scrollHeight - window.innerHeight);<!-- [et_pb_line_break_holder] -->    el.style.top = (initialTop - (scrolledTop * 100)) + '%';<!-- [et_pb_line_break_holder] -->  }<!-- [et_pb_line_break_holder] --><!-- [et_pb_line_break_holder] -->  \/\/ Call the function immediately to set the initial position<!-- [et_pb_line_break_holder] -->  updatePosition();<!-- [et_pb_line_break_holder] --><!-- [et_pb_line_break_holder] -->  \/\/ Then call it again whenever the user scrolls<!-- [et_pb_line_break_holder] -->  window.addEventListener(\"scroll\", updatePosition);<!-- [et_pb_line_break_holder] -->}<!-- [et_pb_line_break_holder] --><\/script><!-- [et_pb_line_break_holder] --><!-- [et_pb_line_break_holder] --><\/html>[\/et_pb_code][\/et_pb_column][\/et_pb_row][et_pb_row _builder_version=\u00a0\u00bb4.17.6&Prime; _module_preset=\u00a0\u00bbdefault\u00a0\u00bb global_colors_info=\u00a0\u00bb{}\u00a0\u00bb][et_pb_column type=\u00a0\u00bb4_4&Prime; admin_label=\u00a0\u00bbColonne\u00a0\u00bb _builder_version=\u00a0\u00bb4.17.6&Prime; _module_preset=\u00a0\u00bbdefault\u00a0\u00bb global_colors_info=\u00a0\u00bb{}\u00a0\u00bb][et_pb_text _builder_version=\u00a0\u00bb4.18.0&Prime; _module_preset=\u00a0\u00bbdefault\u00a0\u00bb min_height=\u00a0\u00bb32px\u00a0\u00bb custom_margin=\u00a0\u00bb34px|38px||-53px||\u00a0\u00bb custom_padding=\u00a0\u00bb0px|0px|0px|||\u00a0\u00bb global_colors_info=\u00a0\u00bb{}\u00a0\u00bb]<\/p>\n<h2 style=\"text-align: center;\"><strong>Bienvenue<span style=\"color: #0c71c3;\"><\/span><\/strong><\/h2>\n<p>[\/et_pb_text][et_pb_text _builder_version=\u00a0\u00bb4.21.0&Prime; _module_preset=\u00a0\u00bbdefault\u00a0\u00bb min_height=\u00a0\u00bb68px\u00a0\u00bb global_colors_info=\u00a0\u00bb{}\u00a0\u00bb]<\/p>\n<h2 style=\"text-align: center;\"><strong>Depuis le 1er juillet 2022, notre association <a href=\"#\"><span style=\"color: #0c71c3;\">EASE<\/span><\/a> est n\u00e9e.\u00a0 elle vient encadrer officiellement nos activit\u00e9s. <\/strong><\/h2>\n<h2 style=\"text-align: center;\"><strong>EASE est une production audiovisuelle associative. <\/strong><\/h2>\n<h2 style=\"text-align: center;\"><strong>Nous nous donnons pour but principal la production de Livre audio et de Podcasts. Nous promeuvons la lecture sur tous supports dont ceux num\u00e9riques et nous participons \u00e0 leur diffusion. <\/strong><\/h2>\n<h2 style=\"text-align: center;\"><strong>Plus concr\u00e9tement Nous collectons les dons de materiels informatiques, nous les r\u00e9parons dans notre <a href=\"https:\/\/www.ease.fr\/wordpress\/latelier-a-ordinateurs\/\"><span style=\"color: #0c71c3;\">Atelier \u00e0 Ordinateurs<\/span><\/a> et nous les redistribuons <\/strong><strong>de mani\u00e8re solidaire <\/strong><strong>a un publique d\u00e9connect\u00e9. Nous essayons de travailler avec les services sociaux et par le bouche \u00e0 oreilles.<\/strong><\/h2>\n<h2 style=\"text-align: center;\"><strong><\/strong><\/h2>\n<h2 style=\"text-align: center;\"><strong>nous enregistrons nos oeuvres dans toute la France &amp; sur Paris <a href=\"https:\/\/www.ease.fr\/wordpress\/les-amis-liens-ext\/\"><span style=\"color: #0c71c3;\">avec l&rsquo;aide de com\u00e9diens, de musiciens, de preneurs &amp; d&rsquo;ing\u00e9nieurs du son.<\/span><\/a><\/strong><\/h2>\n<p>[\/et_pb_text][\/et_pb_column][\/et_pb_row][et_pb_row column_structure=\u00a0\u00bb1_2,1_2&Prime; _builder_version=\u00a0\u00bb4.21.0&Prime; _module_preset=\u00a0\u00bbdefault\u00a0\u00bb global_colors_info=\u00a0\u00bb{}\u00a0\u00bb][et_pb_column type=\u00a0\u00bb1_2&Prime; _builder_version=\u00a0\u00bb4.21.0&Prime; _module_preset=\u00a0\u00bbdefault\u00a0\u00bb global_colors_info=\u00a0\u00bb{}\u00a0\u00bb][et_pb_blog fullwidth=\u00a0\u00bboff\u00a0\u00bb posts_number=\u00a0\u00bb1&Prime; include_categories=\u00a0\u00bb73&Prime; meta_date=\u00a0\u00bbj M, Y\u00a0\u00bb use_manual_excerpt=\u00a0\u00bboff\u00a0\u00bb excerpt_length=\u00a0\u00bb80&Prime; show_author=\u00a0\u00bboff\u00a0\u00bb show_date=\u00a0\u00bboff\u00a0\u00bb show_categories=\u00a0\u00bboff\u00a0\u00bb show_excerpt=\u00a0\u00bboff\u00a0\u00bb show_pagination=\u00a0\u00bboff\u00a0\u00bb use_overlay=\u00a0\u00bbon\u00a0\u00bb overlay_icon_color=\u00a0\u00bb#E02B20&Prime; hover_overlay_color=\u00a0\u00bbrgba(0,0,0,0.42)\u00a0\u00bb hover_icon=\u00a0\u00bb&#x49;||divi||400&Prime; masonry_tile_background_color=\u00a0\u00bb#ffffff\u00a0\u00bb _builder_version=\u00a0\u00bb4.21.0&Prime; _module_preset=\u00a0\u00bbdefault\u00a0\u00bb header_font=\u00a0\u00bb|600|||||||\u00a0\u00bb header_text_align=\u00a0\u00bbcenter\u00a0\u00bb body_text_align=\u00a0\u00bbcenter\u00a0\u00bb meta_text_align=\u00a0\u00bbcenter\u00a0\u00bb pagination_font=\u00a0\u00bbKGSecondChancesSolid||||||||\u00a0\u00bb pagination_text_color=\u00a0\u00bb#000000&Prime; pagination_font_size=\u00a0\u00bb22px\u00a0\u00bb body_link_text_align=\u00a0\u00bbcenter\u00a0\u00bb body_ul_text_align=\u00a0\u00bbcenter\u00a0\u00bb body_ol_text_align=\u00a0\u00bbcenter\u00a0\u00bb body_quote_text_align=\u00a0\u00bbcenter\u00a0\u00bb text_orientation=\u00a0\u00bbcenter\u00a0\u00bb module_alignment=\u00a0\u00bbcenter\u00a0\u00bb animation_style=\u00a0\u00bbfade\u00a0\u00bb animation_duration=\u00a0\u00bb1250ms\u00a0\u00bb pagination_text_shadow_style=\u00a0\u00bbpreset1&Prime; border_radii=\u00a0\u00bbon|10px|10px|10px|10px\u00a0\u00bb border_color_all=\u00a0\u00bb#000000&Prime; border_width_all_fullwidth=\u00a0\u00bb1px\u00a0\u00bb border_color_all_fullwidth=\u00a0\u00bb#000000&Prime; border_width_all_image=\u00a0\u00bb1px\u00a0\u00bb box_shadow_style=\u00a0\u00bbpreset1&Prime; box_shadow_style_image=\u00a0\u00bbpreset1&Prime; global_colors_info=\u00a0\u00bb{}\u00a0\u00bb][\/et_pb_blog][\/et_pb_column][et_pb_column type=\u00a0\u00bb1_2&Prime; _builder_version=\u00a0\u00bb4.21.0&Prime; _module_preset=\u00a0\u00bbdefault\u00a0\u00bb global_colors_info=\u00a0\u00bb{}\u00a0\u00bb][et_pb_blog fullwidth=\u00a0\u00bboff\u00a0\u00bb posts_number=\u00a0\u00bb1&Prime; include_categories=\u00a0\u00bb73&Prime; meta_date=\u00a0\u00bbj M, Y\u00a0\u00bb use_manual_excerpt=\u00a0\u00bboff\u00a0\u00bb excerpt_length=\u00a0\u00bb80&Prime; show_author=\u00a0\u00bboff\u00a0\u00bb show_date=\u00a0\u00bboff\u00a0\u00bb show_categories=\u00a0\u00bboff\u00a0\u00bb show_excerpt=\u00a0\u00bboff\u00a0\u00bb show_pagination=\u00a0\u00bboff\u00a0\u00bb offset_number=\u00a0\u00bb1&Prime; use_overlay=\u00a0\u00bbon\u00a0\u00bb overlay_icon_color=\u00a0\u00bb#E02B20&Prime; hover_overlay_color=\u00a0\u00bbrgba(0,0,0,0.42)\u00a0\u00bb hover_icon=\u00a0\u00bb&#x49;||divi||400&Prime; masonry_tile_background_color=\u00a0\u00bb#ffffff\u00a0\u00bb _builder_version=\u00a0\u00bb4.21.0&Prime; _module_preset=\u00a0\u00bbdefault\u00a0\u00bb header_font=\u00a0\u00bb|600|||||||\u00a0\u00bb header_text_align=\u00a0\u00bbcenter\u00a0\u00bb body_text_align=\u00a0\u00bbcenter\u00a0\u00bb meta_text_align=\u00a0\u00bbcenter\u00a0\u00bb pagination_font=\u00a0\u00bbKGSecondChancesSolid||||||||\u00a0\u00bb pagination_text_color=\u00a0\u00bb#000000&Prime; pagination_font_size=\u00a0\u00bb22px\u00a0\u00bb body_link_text_align=\u00a0\u00bbcenter\u00a0\u00bb body_ul_text_align=\u00a0\u00bbcenter\u00a0\u00bb body_ol_text_align=\u00a0\u00bbcenter\u00a0\u00bb body_quote_text_align=\u00a0\u00bbcenter\u00a0\u00bb text_orientation=\u00a0\u00bbcenter\u00a0\u00bb module_alignment=\u00a0\u00bbcenter\u00a0\u00bb animation_style=\u00a0\u00bbfade\u00a0\u00bb animation_duration=\u00a0\u00bb1250ms\u00a0\u00bb pagination_text_shadow_style=\u00a0\u00bbpreset1&Prime; border_radii=\u00a0\u00bbon|10px|10px|10px|10px\u00a0\u00bb border_color_all=\u00a0\u00bb#000000&Prime; border_width_all_fullwidth=\u00a0\u00bb1px\u00a0\u00bb border_color_all_fullwidth=\u00a0\u00bb#000000&Prime; border_width_all_image=\u00a0\u00bb1px\u00a0\u00bb box_shadow_style=\u00a0\u00bbpreset1&Prime; box_shadow_style_image=\u00a0\u00bbpreset1&Prime; global_colors_info=\u00a0\u00bb{}\u00a0\u00bb][\/et_pb_blog][\/et_pb_column][\/et_pb_row][et_pb_row _builder_version=\u00a0\u00bb4.17.6&Prime; _module_preset=\u00a0\u00bbdefault\u00a0\u00bb min_height=\u00a0\u00bb846.7px\u00a0\u00bb custom_padding=\u00a0\u00bb||0px|||\u00a0\u00bb global_colors_info=\u00a0\u00bb{}\u00a0\u00bb][et_pb_column type=\u00a0\u00bb4_4&Prime; admin_label=\u00a0\u00bbColonne\u00a0\u00bb _builder_version=\u00a0\u00bb4.17.6&Prime; _module_preset=\u00a0\u00bbdefault\u00a0\u00bb global_colors_info=\u00a0\u00bb{}\u00a0\u00bb][et_pb_text _builder_version=\u00a0\u00bb4.17.6&Prime; _module_preset=\u00a0\u00bbdefault\u00a0\u00bb global_colors_info=\u00a0\u00bb{}\u00a0\u00bb]<\/p>\n<h2 style=\"text-align: center;\"><strong>Vous pouvez nous suivre sur les r\u00e9seaux suivants :<\/strong><\/h2>\n<p>[\/et_pb_text][et_pb_social_media_follow use_icon_font_size=\u00a0\u00bbon\u00a0\u00bb icon_font_size=\u00a0\u00bb32px\u00a0\u00bb _builder_version=\u00a0\u00bb4.17.6&Prime; _module_preset=\u00a0\u00bbdefault\u00a0\u00bb custom_button=\u00a0\u00bbon\u00a0\u00bb button_text_color=\u00a0\u00bb#000000&Prime; button_bg_color=\u00a0\u00bb#FFFFFF\u00a0\u00bb button_border_width=\u00a0\u00bb1px\u00a0\u00bb text_orientation=\u00a0\u00bbcenter\u00a0\u00bb animation_style=\u00a0\u00bbbounce\u00a0\u00bb border_radii=\u00a0\u00bbon|10px|10px|10px|10px\u00a0\u00bb border_width_all=\u00a0\u00bb1px\u00a0\u00bb box_shadow_style=\u00a0\u00bbpreset1&Prime; text_shadow_style=\u00a0\u00bbpreset1&Prime; text_shadow_horizontal_length=\u00a0\u00bb-0.02em\u00a0\u00bb global_colors_info=\u00a0\u00bb{}\u00a0\u00bb][et_pb_social_media_follow_network social_network=\u00a0\u00bbfacebook\u00a0\u00bb url=\u00a0\u00bbhttps:\/\/www.facebook.com\/EASEproductions\u00a0\u00bb _builder_version=\u00a0\u00bb4.17.6&Prime; _module_preset=\u00a0\u00bbdefault\u00a0\u00bb background_color=\u00a0\u00bb#3b5998&Prime; global_colors_info=\u00a0\u00bb{}\u00a0\u00bb follow_button=\u00a0\u00bboff\u00a0\u00bb url_new_window=\u00a0\u00bbon\u00a0\u00bb]facebook[\/et_pb_social_media_follow_network][et_pb_social_media_follow_network social_network=\u00a0\u00bbtwitter\u00a0\u00bb url=\u00a0\u00bbhttps:\/\/twitter.com\/GafaDoubleti\u00a0\u00bb _builder_version=\u00a0\u00bb4.17.6&Prime; _module_preset=\u00a0\u00bbdefault\u00a0\u00bb background_color=\u00a0\u00bb#00aced\u00a0\u00bb global_colors_info=\u00a0\u00bb{}\u00a0\u00bb follow_button=\u00a0\u00bboff\u00a0\u00bb url_new_window=\u00a0\u00bbon\u00a0\u00bb]twitter[\/et_pb_social_media_follow_network][et_pb_social_media_follow_network social_network=\u00a0\u00bbyoutube\u00a0\u00bb url=\u00a0\u00bbhttps:\/\/www.youtube.com\/channel\/UCRBu6RTof_RAHHAxUGq1XKg\u00a0\u00bb _builder_version=\u00a0\u00bb4.17.6&Prime; _module_preset=\u00a0\u00bbdefault\u00a0\u00bb background_color=\u00a0\u00bb#a82400&Prime; global_colors_info=\u00a0\u00bb{}\u00a0\u00bb follow_button=\u00a0\u00bboff\u00a0\u00bb url_new_window=\u00a0\u00bbon\u00a0\u00bb]youtube[\/et_pb_social_media_follow_network][et_pb_social_media_follow_network social_network=\u00a0\u00bbsoundcloud\u00a0\u00bb url=\u00a0\u00bbhttps:\/\/soundcloud.com\/ease-productions\u00a0\u00bb _builder_version=\u00a0\u00bb4.17.6&Prime; _module_preset=\u00a0\u00bbdefault\u00a0\u00bb background_color=\u00a0\u00bb#ff8800&Prime; global_colors_info=\u00a0\u00bb{}\u00a0\u00bb follow_button=\u00a0\u00bboff\u00a0\u00bb url_new_window=\u00a0\u00bbon\u00a0\u00bb]soundcloud[\/et_pb_social_media_follow_network][\/et_pb_social_media_follow][et_pb_image src=\u00a0\u00bbhttps:\/\/www.ease.fr\/wordpress\/wp-content\/uploads\/giphy.gif\u00a0\u00bb title_text=\u00a0\u00bbgiphy\u00a0\u00bb align=\u00a0\u00bbcenter\u00a0\u00bb _builder_version=\u00a0\u00bb4.18.0&Prime; _module_preset=\u00a0\u00bbdefault\u00a0\u00bb background_color=\u00a0\u00bbRGBA(255,255,255,0)\u00a0\u00bb width=\u00a0\u00bb13%\u00a0\u00bb module_alignment=\u00a0\u00bbcenter\u00a0\u00bb filter_opacity=\u00a0\u00bb99%\u00a0\u00bb global_colors_info=\u00a0\u00bb{}\u00a0\u00bb][\/et_pb_image][et_pb_text module_id=\u00a0\u00bbjdp\u00a0\u00bb _builder_version=\u00a0\u00bb4.20.2&Prime; _module_preset=\u00a0\u00bbdefault\u00a0\u00bb min_height=\u00a0\u00bb41px\u00a0\u00bb custom_margin=\u00a0\u00bb|38px|-47px|-53px||\u00a0\u00bb global_colors_info=\u00a0\u00bb{}\u00a0\u00bb]<\/p>\n<h2 style=\"text-align: center;\"><strong><\/strong><\/h2>\n<h2 style=\"text-align: center;\"><strong>Bien s\u00fbr, <a href=\"#\"><span style=\"color: #0c71c3;\">EASE<\/span><\/a> continue d&rsquo;\u00eatre la maison \u00e9ditrice du <a href=\"https:\/\/LEJDP.EASE.FR\"><span style=\"color: #0c71c3;\">Journal des Poules<\/span><\/a> notre feuille de choux \/ blog g\u00e9n\u00e9raliste. <\/strong><\/h2>\n<h2 style=\"text-align: center;\"><strong>Vous pouvez maintenant le retrouver directement \u00e0 cette adresse <span style=\"color: #0c71c3;\"><a href=\"https:\/\/lejdp.ease.fr\" style=\"color: #0c71c3;\">LEJDP.FR<\/a><\/span><span style=\"color: #3366ff;\"> <\/span>ou par les menus du pr\u00e9sent site. Il continue d&rsquo;\u00e9voluer chaque semaine, lui et ses diff\u00e9rentes rubriques<\/strong><\/h2>\n<p>[\/et_pb_text][et_pb_code _builder_version=\u00a0\u00bb4.18.0&Prime; _dynamic_attributes=\u00a0\u00bblink_option_url\u00a0\u00bb _module_preset=\u00a0\u00bbdefault\u00a0\u00bb text_orientation=\u00a0\u00bbcenter\u00a0\u00bb animation_style=\u00a0\u00bbbounce\u00a0\u00bb link_option_url=\u00a0\u00bb@ET-DC@eyJkeW5hbWljIjp0cnVlLCJjb250ZW50IjoicG9zdF9saW5rX3VybF9wYWdlIiwic2V0dGluZ3MiOnsicG9zdF9pZCI6IjI0MzUifX0=@\u00a0\u00bb global_colors_info=\u00a0\u00bb{}\u00a0\u00bb]<html><!-- [et_pb_line_break_holder] -->      <\/p>\n<div class=\"wprock-img-zoom-hover\"><!-- [et_pb_line_break_holder] -->        <\/p>\n<div class=\"wprock-img-zoom\"><!-- [et_pb_line_break_holder] -->            <img decoding=\"async\" src=\"https:\/\/www.ease.fr\/wordpress\/wp-content\/uploads\/LOGOPoule1x1LOW.png\" alt=\"wpRock CSS - Zomm effect on image hover\"><!-- [et_pb_line_break_holder] -->        <\/div>\n<p><!-- [et_pb_line_break_holder] -->    <\/div>\n<p><!-- [et_pb_line_break_holder] --><\/html>[\/et_pb_code][et_pb_text _builder_version=\u00a0\u00bb4.17.6&Prime; _module_preset=\u00a0\u00bbdefault\u00a0\u00bb global_colors_info=\u00a0\u00bb{}\u00a0\u00bb]<\/p>\n<h2 style=\"text-align: center;\"><strong><span style=\"color: #0c71c3;\"><a href=\"https:\/\/www.ease.fr\/wordpress\/laboitealivres\/\" style=\"color: #0c71c3;\">La boite \u00e0 Livres<\/a><\/span> elle, continue sa route, et s&rsquo;\u00e9toffe chaque jour avec de nouveaux titres. Allez-voir \/ Passez-y du temps.<\/strong><\/h2>\n<p>[\/et_pb_text][\/et_pb_column][\/et_pb_row][et_pb_row _builder_version=\u00a0\u00bb4.17.6&Prime; _module_preset=\u00a0\u00bbdefault\u00a0\u00bb global_colors_info=\u00a0\u00bb{}\u00a0\u00bb][et_pb_column type=\u00a0\u00bb4_4&Prime; _builder_version=\u00a0\u00bb4.17.6&Prime; _module_preset=\u00a0\u00bbdefault\u00a0\u00bb global_colors_info=\u00a0\u00bb{}\u00a0\u00bb][et_pb_image src=\u00a0\u00bbhttps:\/\/www.ease.fr\/wordpress\/wp-content\/uploads\/K7-TRANSPARENT.gif\u00a0\u00bb title_text=\u00a0\u00bbK7 TRANSPARENT\u00a0\u00bb align=\u00a0\u00bbcenter\u00a0\u00bb _builder_version=\u00a0\u00bb4.18.0&Prime; _module_preset=\u00a0\u00bbdefault\u00a0\u00bb background_color=\u00a0\u00bbRGBA(255,255,255,0)\u00a0\u00bb width=\u00a0\u00bb13%\u00a0\u00bb module_alignment=\u00a0\u00bbcenter\u00a0\u00bb filter_opacity=\u00a0\u00bb99%\u00a0\u00bb animation_style=\u00a0\u00bbbounce\u00a0\u00bb global_colors_info=\u00a0\u00bb{}\u00a0\u00bb][\/et_pb_image][et_pb_text _builder_version=\u00a0\u00bb4.20.2&Prime; _module_preset=\u00a0\u00bbdefault\u00a0\u00bb global_colors_info=\u00a0\u00bb{}\u00a0\u00bb]<\/p>\n<h2 style=\"text-align: center;\"><strong>En 2023, <a href=\"mailto:prod@ease.fr\"><span style=\"color: #0c71c3;\">EASE <\/span><\/a>recherche des collaborateurs, vous savez monter un dossier de subventions, vous connaissez la comptabilit\u00e9, le web, le droit ? <span style=\"color: #0c71c3;\"><\/span><\/strong><\/h2>\n<h2 style=\"text-align: center;\"><strong><span style=\"color: #0c71c3;\"><a href=\"mailto:prod@ease.fr\" style=\"color: #0c71c3;\">Contactez nous<\/a><\/span><\/strong><\/h2>\n<p><strong><span style=\"color: #0c71c3;\"><\/span><\/strong><\/p>\n<p>[\/et_pb_text][\/et_pb_column][\/et_pb_row][et_pb_row _builder_version=\u00a0\u00bb4.21.0&Prime; _module_preset=\u00a0\u00bbdefault\u00a0\u00bb custom_padding=\u00a0\u00bb||59px|||\u00a0\u00bb global_colors_info=\u00a0\u00bb{}\u00a0\u00bb][et_pb_column type=\u00a0\u00bb4_4&Prime; _builder_version=\u00a0\u00bb4.21.0&Prime; _module_preset=\u00a0\u00bbdefault\u00a0\u00bb global_colors_info=\u00a0\u00bb{}\u00a0\u00bb][et_pb_image src=\u00a0\u00bbhttps:\/\/www.ease.fr\/wordpress\/wp-content\/uploads\/7tMr.gif\u00a0\u00bb title_text=\u00a0\u00bb7tMr\u00a0\u00bb align=\u00a0\u00bbcenter\u00a0\u00bb _builder_version=\u00a0\u00bb4.21.0&Prime; _module_preset=\u00a0\u00bbdefault\u00a0\u00bb width=\u00a0\u00bb17%\u00a0\u00bb filter_opacity=\u00a0\u00bb54%\u00a0\u00bb animation_style=\u00a0\u00bbfade\u00a0\u00bb global_colors_info=\u00a0\u00bb{}\u00a0\u00bb][\/et_pb_image][\/et_pb_column][\/et_pb_row][\/et_pb_section]<\/p>\n<span class=\"et_bloom_bottom_trigger\"><\/span>","protected":false},"excerpt":{"rendered":"<p>BienvenueDepuis le 1er juillet 2022, notre association EASE est n\u00e9e.\u00a0 elle vient encadrer officiellement nos activit\u00e9s. EASE est une production audiovisuelle associative. Nous nous donnons pour but principal la production de Livre audio et de Podcasts. Nous promeuvons la lecture sur tous supports dont ceux num\u00e9riques et nous participons \u00e0 leur diffusion. Plus concr\u00e9tement Nous [&hellip;]<\/p>\n","protected":false},"author":1,"featured_media":8090,"parent":0,"menu_order":0,"comment_status":"closed","ping_status":"closed","template":"","meta":{"_et_pb_use_builder":"on","_et_pb_old_content":"","_et_gb_content_width":"","episode_type":"","audio_file":"","podmotor_file_id":"","podmotor_episode_id":"","cover_image":"","cover_image_id":"","duration":"","filesize":"","filesize_raw":"","date_recorded":"","explicit":"","block":"","itunes_episode_number":"","itunes_title":"","itunes_season_number":"","itunes_episode_type":"","footnotes":""},"class_list":["post-7854","page","type-page","status-publish","has-post-thumbnail","hentry"],"aioseo_notices":[],"_links":{"self":[{"href":"https:\/\/www.ease.fr\/wordpress\/wp-json\/wp\/v2\/pages\/7854","targetHints":{"allow":["GET"]}}],"collection":[{"href":"https:\/\/www.ease.fr\/wordpress\/wp-json\/wp\/v2\/pages"}],"about":[{"href":"https:\/\/www.ease.fr\/wordpress\/wp-json\/wp\/v2\/types\/page"}],"author":[{"embeddable":true,"href":"https:\/\/www.ease.fr\/wordpress\/wp-json\/wp\/v2\/users\/1"}],"replies":[{"embeddable":true,"href":"https:\/\/www.ease.fr\/wordpress\/wp-json\/wp\/v2\/comments?post=7854"}],"version-history":[{"count":70,"href":"https:\/\/www.ease.fr\/wordpress\/wp-json\/wp\/v2\/pages\/7854\/revisions"}],"predecessor-version":[{"id":10474,"href":"https:\/\/www.ease.fr\/wordpress\/wp-json\/wp\/v2\/pages\/7854\/revisions\/10474"}],"wp:featuredmedia":[{"embeddable":true,"href":"https:\/\/www.ease.fr\/wordpress\/wp-json\/wp\/v2\/media\/8090"}],"wp:attachment":[{"href":"https:\/\/www.ease.fr\/wordpress\/wp-json\/wp\/v2\/media?parent=7854"}],"curies":[{"name":"wp","href":"https:\/\/api.w.org\/{rel}","templated":true}]}}