{"id":7,"date":"2019-09-05T19:36:32","date_gmt":"2019-09-05T17:36:32","guid":{"rendered":"https:\/\/www.ease.fr\/wordpress\/?page_id=7"},"modified":"2023-08-31T23:43:56","modified_gmt":"2023-08-31T21:43:56","slug":"a-propos","status":"publish","type":"page","link":"https:\/\/www.ease.fr\/wordpress\/a-propos\/","title":{"rendered":"L&rsquo;\u00e9quipe EASE"},"content":{"rendered":"<p>[et_pb_section fb_built=\u00a0\u00bb1&Prime; admin_label=\u00a0\u00bbsection\u00a0\u00bb _builder_version=\u00a0\u00bb4.21.0&Prime; background_image=\u00a0\u00bbhttps:\/\/www.ease.fr\/wordpress\/wp-content\/uploads\/CARREAUXPAPERSEAMLESS.jpg\u00a0\u00bb background_size=\u00a0\u00bbinitial\u00a0\u00bb background_repeat=\u00a0\u00bbrepeat\u00a0\u00bb top_divider_style=\u00a0\u00bbclouds2&Prime; top_divider_color=\u00a0\u00bb#0C71C3&Prime; top_divider_height=\u00a0\u00bb200px\u00a0\u00bb bottom_divider_style=\u00a0\u00bbwaves\u00a0\u00bb bottom_divider_color=\u00a0\u00bb#0a4401&Prime; global_colors_info=\u00a0\u00bb{}\u00a0\u00bb][et_pb_row _builder_version=\u00a0\u00bb4.16&Prime; custom_padding=\u00a0\u00bb8px||0px|||\u00a0\u00bb global_colors_info=\u00a0\u00bb{}\u00a0\u00bb][et_pb_column type=\u00a0\u00bb4_4&Prime; _builder_version=\u00a0\u00bb4.16&Prime; global_colors_info=\u00a0\u00bb{}\u00a0\u00bb][et_pb_post_title _builder_version=\u00a0\u00bb4.20.2&Prime; title_font=\u00a0\u00bb|600|||||||\u00a0\u00bb title_text_color=\u00a0\u00bb#FFFFFF\u00a0\u00bb title_text_shadow_style=\u00a0\u00bbpreset1&Prime; title_text_shadow_vertical_length=\u00a0\u00bb0.1em\u00a0\u00bb title_text_shadow_blur_strength=\u00a0\u00bb0.1em\u00a0\u00bb text_shadow_style=\u00a0\u00bbpreset1&Prime; global_colors_info=\u00a0\u00bb{}\u00a0\u00bb][\/et_pb_post_title][et_pb_code disabled_on=\u00a0\u00bbon|on|off\u00a0\u00bb admin_label=\u00a0\u00bbSOLEILGLOBAL\u00a0\u00bb _builder_version=\u00a0\u00bb4.21.0&Prime; _module_preset=\u00a0\u00bbdefault\u00a0\u00bb animation_style=\u00a0\u00bbnone\u00a0\u00bb global_module=\u00a0\u00bb10351&Prime; global_colors_info=\u00a0\u00bb{}\u00a0\u00bb]<html><!-- [et_pb_line_break_holder] --><\/p>\n<div class=\"oscillating-image\"><!-- [et_pb_line_break_holder] --><img decoding=\"async\" src=\"https:\/\/www.ease.fr\/wordpress\/wp-content\/uploads\/SOLEIL-SOURIANT.svg\" alt=\"Soleil\"><!-- [et_pb_line_break_holder] --><\/div>\n<p><!-- [et_pb_line_break_holder] --><!-- [et_pb_line_break_holder] --><\/p>\n<style><!-- [et_pb_line_break_holder] -->.oscillating-image {<!-- [et_pb_line_break_holder] -->  width: 10%;<!-- [et_pb_line_break_holder] -->  height: auto;<!-- [et_pb_line_break_holder] -->  position: fixed;<!-- [et_pb_line_break_holder] -->  right: 10px;<!-- [et_pb_line_break_holder] -->  z-index: 9999;<!-- [et_pb_line_break_holder] -->  animation: oscillate 2s ease-in-out infinite, fadeIn 3s ease-in-out forwards;<!-- [et_pb_line_break_holder] -->}<!-- [et_pb_line_break_holder] -->@keyframes oscillate {<!-- [et_pb_line_break_holder] -->  0% { transform: translate(0, 0); }<!-- [et_pb_line_break_holder] -->  50% { transform: translate(3px, 3px); }<!-- [et_pb_line_break_holder] -->  100% { transform: translate(0, 0); }<!-- [et_pb_line_break_holder] -->}<!-- [et_pb_line_break_holder] -->@keyframes fadeIn {<!-- [et_pb_line_break_holder] -->  0% { opacity: 0; }<!-- [et_pb_line_break_holder] -->  90% { opacity: 0; }<!-- [et_pb_line_break_holder] -->  100% { opacity: 1; }<!-- [et_pb_line_break_holder] -->}<!-- [et_pb_line_break_holder] --><\/style>\n<p><!-- [et_pb_line_break_holder] --><!-- [et_pb_line_break_holder] --><script><!-- [et_pb_line_break_holder] -->window.onload = function() {<!-- [et_pb_line_break_holder] -->  var el = document.querySelector('.oscillating-image');<!-- [et_pb_line_break_holder] -->  var initialTop = 10; \/\/ This is the initial 'top' value for your element in percentage<!-- [et_pb_line_break_holder] -->  var rate = 2.5;  \/\/ Higher values will speed up the parallax effect<!-- [et_pb_line_break_holder] --><!-- [et_pb_line_break_holder] -->  function updatePosition() {<!-- [et_pb_line_break_holder] -->    var scrolledTop = (window.pageYOffset * rate) \/ (document.documentElement.scrollHeight - window.innerHeight);<!-- [et_pb_line_break_holder] -->    el.style.top = (initialTop - (scrolledTop * 100)) + '%';<!-- [et_pb_line_break_holder] -->  }<!-- [et_pb_line_break_holder] --><!-- [et_pb_line_break_holder] -->  \/\/ Call the function immediately to set the initial position<!-- [et_pb_line_break_holder] -->  updatePosition();<!-- [et_pb_line_break_holder] --><!-- [et_pb_line_break_holder] -->  \/\/ Then call it again whenever the user scrolls<!-- [et_pb_line_break_holder] -->  window.addEventListener(\"scroll\", updatePosition);<!-- [et_pb_line_break_holder] -->}<!-- [et_pb_line_break_holder] --><\/script><!-- [et_pb_line_break_holder] --><!-- [et_pb_line_break_holder] --><\/html>[\/et_pb_code][\/et_pb_column][\/et_pb_row][et_pb_row _builder_version=\u00a0\u00bb4.16&Prime; min_height=\u00a0\u00bb853.8px\u00a0\u00bb global_colors_info=\u00a0\u00bb{}\u00a0\u00bb][et_pb_column type=\u00a0\u00bb4_4&Prime; _builder_version=\u00a0\u00bb4.16&Prime; global_colors_info=\u00a0\u00bb{}\u00a0\u00bb][et_pb_text _builder_version=\u00a0\u00bb4.20.2&Prime; min_height=\u00a0\u00bb173px\u00a0\u00bb custom_margin=\u00a0\u00bb||-27px|||\u00a0\u00bb custom_padding=\u00a0\u00bb28px|0px|50px|||\u00a0\u00bb global_colors_info=\u00a0\u00bb{}\u00a0\u00bb]<\/p>\n<h6 style=\"text-align: center;\"><\/h6>\n<h6 style=\"text-align: center;\"><strong><span style=\"font-size: 14px;\"><\/span><\/strong><\/h6>\n<h6 style=\"text-align: center;\"><strong><!-- \/divi:paragraph --> <!-- divi:paragraph --><\/strong><\/h6>\n<h3 style=\"text-align: center;\"><strong><em>\u00ab\u00a0<span style=\"color: #a01010;\">Nous sommes tous de petites fourmis qui laissent derri\u00e8re elles des traces ..\u00a0\u00bb<\/span><\/em><\/strong><\/h3>\n<h6 style=\"text-align: center;\"><span style=\"color: #a01010;\"><strong><!-- \/divi:paragraph --> <!-- divi:paragraph --><span style=\"color: #333333;\">Ce sont ces traces, qui ici nous int\u00e9ressent.<\/span><\/strong><\/span><strong><\/strong><\/h6>\n<p>[\/et_pb_text][et_pb_text _builder_version=\u00a0\u00bb4.22.1&Prime; _module_preset=\u00a0\u00bbdefault\u00a0\u00bb hover_enabled=\u00a0\u00bb0&Prime; global_colors_info=\u00a0\u00bb{}\u00a0\u00bb sticky_enabled=\u00a0\u00bb0&Prime;]<\/p>\n<h4 style=\"text-align: justify;\"><b>A la base c&rsquo;est qu&rsquo;on aime \u00e9couter des histoires mais qu&rsquo;on lit peu (ou pas) .. Alors en 2020 on a cr\u00e9\u00e9 la Boite \u00e0 Livres, puis, tout s&rsquo;est enchain\u00e9.<\/b><\/h4>\n<h4 style=\"text-align: justify;\"><b>En 2022 : Nous sommes devenu une jeune production associative; avec une petite \u00e9quipe et de petits objectifs. En cette premi\u00e8re ann\u00e9e d&rsquo;existence nous montons notre premi\u00e8re collection audio. avec diff\u00e9rents projets en route : Livres audio \/ Contes audio jeunesse. <\/b><\/h4>\n<h4 style=\"text-align: justify;\"><span style=\"color: #000000;\"><b>Nous commen\u00e7ons aussi une activit\u00e9 d&rsquo;agents artistique avec comme artistes des personnalit\u00e9s comme <span style=\"color: #0c71c3;\">MESH M18 &amp; Fin de Semaine<\/span><\/b><\/span><\/h4>\n<h4 style=\"text-align: justify;\"><b>Et, en s&rsquo;appuyant sur notre Atelier \u00e0 Ordinateurs nous percevons des dons informatiques de toute la France pour r\u00e9paration et distribution principalement \u00e0 des gens en cas de pr\u00e9carit\u00e9 num\u00e9rique.<\/b><\/h4>\n<div class=\"group w-full text-gray-800 dark:text-gray-100 border-b border-black\/10 dark:border-gray-900\/50 bg-gray-50 dark:bg-[#444654]\" style=\"text-align: justify;\">\n<div class=\"text-base gap-4 md:gap-6 md:max-w-2xl lg:max-w-xl xl:max-w-3xl p-4 md:py-6 flex lg:px-0 m-auto\">\n<div class=\"relative flex w-[calc(100%-50px)] flex-col gap-1 md:gap-3 lg:w-[calc(100%-115px)]\">\n<div class=\"flex flex-grow flex-col gap-3\">\n<div class=\"min-h-[20px] flex flex-col items-start gap-4 whitespace-pre-wrap\">\n<div class=\"markdown prose w-full break-words dark:prose-invert dark\">\n<h4><strong>De plus, Nous collectons des livres et revues provenants de toute la France dans le but de refournir les bo\u00eetes de la r\u00e9gion en livres et les enrichir d&rsquo;\u0153uvres nouvelles et vari\u00e9es.<\/strong><\/h4>\n<\/div>\n<\/div>\n<\/div>\n<\/div>\n<\/div>\n<\/div>\n<h4 style=\"text-align: justify;\"><b>Nous sommes multi taches \/ nous sommes une pieuvre<\/b><\/h4>\n<p>[\/et_pb_text][et_pb_text _builder_version=\u00a0\u00bb4.22.1&Prime; _module_preset=\u00a0\u00bbdefault\u00a0\u00bb hover_enabled=\u00a0\u00bb0&Prime; global_colors_info=\u00a0\u00bb{}\u00a0\u00bb sticky_enabled=\u00a0\u00bb0&Prime;]<\/p>\n<h4 style=\"text-align: center;\"><strong>Notre \u00e9quipe :<\/strong><\/h4>\n<h4 style=\"text-align: center;\"><a href=\"https:\/\/www.ease.fr\/wordpress\/2023\/04\/01\/portrait-ivan-titi\/\"><strong><span style=\"color: #e02b20;\">TITI <\/span><\/strong><span style=\"color: #e02b20;\">(R\u00e9dac chef)<\/span><\/a><\/h4>\n<h4 style=\"text-align: center;\"><a href=\"https:\/\/findesemaine.fr\/\" target=\"_blank\" rel=\"noopener\"><span style=\"color: #003366;\"><strong>Sandra <\/strong>&amp;<strong> Fin de Semaine <\/strong>(PODCASTS)<\/span><\/a><span style=\"color: #e02b20;\"><\/span><\/h4>\n<h4 style=\"text-align: center;\"><strong>Odette<\/strong> (Mentor)<\/h4>\n<h4 style=\"text-align: center;\"><span style=\"color: #666699;\"><strong>Paul <\/strong>(Consultant \/ remix)<\/span><\/h4>\n<p><strong><\/strong><\/p>\n<p>[\/et_pb_text][et_pb_text _builder_version=\u00a0\u00bb4.21.0&Prime; custom_margin=\u00a0\u00bb24px|38px||-53px||\u00a0\u00bb custom_padding=\u00a0\u00bb0px|||||\u00a0\u00bb global_colors_info=\u00a0\u00bb{}\u00a0\u00bb]<\/p>\n<p style=\"text-align: center;\"><strong style=\"font-size: 14px;\">Pour nous lire et rester au courant du flux des nouveaux articles, nous vous conseillons d&rsquo;utiliser un lecteur de flux RSS. Pour cela il y a <a href=\"https:\/\/feedly.com\">Feedly<\/a> mais vous pouvez aussi utiliser une autre application du type lecteur RSS (par exemple <a href=\"https:\/\/www.microsoft.com\/fr-fr\/p\/newsflow\/9nblggh58s5r\">NewsFlow <\/a> pour <em>Windows<\/em>) Nous esp\u00e9rons qu&rsquo;\u00e0 terme, il sera plus agr\u00e9able de nous lire directement sur le site desktop et mobile. Nous faisons beaucoup d&rsquo;efforts dans ce sens.<\/strong><strong><\/strong><\/p>\n<p style=\"text-align: justify;\"><strong><\/strong><\/p>\n<p>[\/et_pb_text][\/et_pb_column][\/et_pb_row][\/et_pb_section]<\/p>\n<span class=\"et_bloom_bottom_trigger\"><\/span>","protected":false},"excerpt":{"rendered":"<p>\u00ab\u00a0Nous sommes tous de petites fourmis qui laissent derri\u00e8re elles des traces ..\u00a0\u00bb Ce sont ces traces, qui ici nous int\u00e9ressent.A la base c&rsquo;est qu&rsquo;on aime \u00e9couter des histoires mais qu&rsquo;on lit peu (ou pas) .. Alors en 2020 on a cr\u00e9\u00e9 la Boite \u00e0 Livres, puis, tout s&rsquo;est enchain\u00e9. En 2022 : Nous sommes [&hellip;]<\/p>\n","protected":false},"author":1,"featured_media":0,"parent":0,"menu_order":0,"comment_status":"closed","ping_status":"closed","template":"","meta":{"_et_pb_use_builder":"on","_et_pb_old_content":"<!-- wp:paragraph -->\n<p>Bon, il faut un peu expliquer la d\u00e9marche, d'o\u00f9 l'\u00e0 propos :<\/p>\n<!-- \/wp:paragraph -->\n\n<!-- wp:paragraph -->\n<p>\" To have lots of fun, and to piss off lots of people\"  - Jon Gofy<\/p>\n<!-- \/wp:paragraph -->\n\n<!-- wp:image {\"id\":972,\"align\":\"center\"} -->\n<div class=\"wp-block-image\"><figure class=\"aligncenter\"><img src=\"https:\/\/www.ease.fr\/wordpress\/wp-content\/uploads\/2019\/10\/LOGOPoule1x1LOW.png\" alt=\"\" class=\"wp-image-972\"\/><figcaption> Le Journal des Poules est n\u00e9 contestataire. #A<\/figcaption><\/figure><\/div>\n<!-- \/wp:image -->\n\n<!-- wp:paragraph -->\n<p>En gros, le but est de s'<strong>autonomiser <\/strong>par rapport \u00e0 des soci\u00e9t\u00e9s comme <em>Facebook, Google, Instagram<\/em> etc... Tout en gardant le m\u00eame niveau de services et en touchant un nouveau public. Ce blog n'a pas l'intention de s\u2019emp\u00eacher de dire ou de s'appliquer de censure particuli\u00e8re ou si peu, on parle de tout ici, ici on post de TOUT sans se poser la question du \"est-ce possible\", vu que c'est possible, alors on le fait ! On expose les choses qu'on aime, faites par les gens qu'on aime.<\/p>\n<!-- \/wp:paragraph -->\n\n<!-- wp:paragraph -->\n<p>Ici on parle de tout, de la crise pr\u00e9sente, du monde d'aujourd'hui, de celui de demain. On agr\u00e8ge les articles, les m\u00e9dias, on link, on repost, on retouche.<\/p>\n<!-- \/wp:paragraph -->\n\n<!-- wp:paragraph -->\n<p>On aime tout ce qui est \"fait mains\" on pr\u00f4ne le low-tech et la r\u00e9paration. Et aussi : on  cherche des solutions. <\/p>\n<!-- \/wp:paragraph -->\n\n<!-- wp:paragraph -->\n<p><em><strong>\"Nous sommes tous des petites fourmis qui laissent derri\u00e8re elles des traces\".. <\/strong><\/em><\/p>\n<!-- \/wp:paragraph -->\n\n<!-- wp:paragraph -->\n<p>Ce sont ces traces ici qui m'int\u00e9ressent. <\/p>\n<!-- \/wp:paragraph -->\n\n<!-- wp:paragraph -->\n<p>Dans un second temps (2020), le domaine <a href=\"https:\/\/ease.fr\/\">https:\/<strong>\/<\/strong>ease.fr\/<\/a> deviendra le hub de diff\u00e9rents services comme un serveur de messagerie instantan\u00e9e (<em><strong>MATRIX<\/strong><\/em>) une plateforme de microblogging (<em><strong>FRIENDICA<\/strong><\/em>) et un service de sauvegarde de fichiers (<em><strong>OWNCLOUD<\/strong><\/em>)<\/p>\n<!-- \/wp:paragraph -->\n\n<!-- wp:image {\"id\":968,\"align\":\"center\"} -->\n<div class=\"wp-block-image\"><figure class=\"aligncenter\"><img src=\"https:\/\/www.ease.fr\/wordpress\/wp-content\/uploads\/2019\/10\/Poules-d\u00e9coup\u00e9es-LARGE-600x169.jpg\" alt=\"\" class=\"wp-image-968\"\/><figcaption>Bande de Cocottes &amp; Poussins<\/figcaption><\/figure><\/div>\n<!-- \/wp:image -->\n\n<!-- wp:paragraph -->\n<p>Pour le reste : Je me fais appeler <em><strong>Ateshkia<\/strong><\/em><strong> <\/strong>(<em>DoubleTi <\/em>pour les amis.) Je cr\u00e9e ce blog car il y a des choses \u00e0 dire, \u00e0 \u00e9crire, par besoin de m'exprimer tout simplement. <\/p>\n<!-- \/wp:paragraph -->\n\n<!-- wp:paragraph {\"align\":\"left\"} -->\n<p style=\"text-align:left\">Mon parcours est \u00e9clectique. J'ai 43 ans. Je suis technicien informatique depuis ma plus tendre enfance, ce fut mon premier m\u00e9tier, j'ai ensuite travaill\u00e9 12 ans comme entrepreneur dans le domaine de la musique et du spectacle vivant, et depuis 5 ans, je d\u00e9bute une nouvelle phase de ma vie \u00e0 la campagne \u00e0 vivre avec rien mais\/et des animaux dans tous les coins, un potager et une vue \u00e0 360\u00b0 sur les montagnes des Pyr\u00e9n\u00e9es. Je suis handicap\u00e9, atteint d'une maladie chiante appel\u00e9e <a href=\"https:\/\/fr.wikipedia.org\/wiki\/Algie_vasculaire_de_la_face\">AVF <\/a>(<a href=\"https:\/\/fr.wikipedia.org\/wiki\/Algie_vasculaire_de_la_face\">algie vasculaire de la face<\/a>), et aussi, je suis un peu militant \ud83d\ude09 mon existence est pass\u00e9e par des phases de richesse, puis par d'autres de grande pauvret\u00e9, je connais la ville, j'apprends la campagne, j'aime changer, apprendre, devenir. Je doute aussi beaucoup, souvent. L\u00e0 en ce moment je fais ce site, mais aussi un peu de musique, de l'image, de la sculpture, de la poterie et aussi de la couture. Bref plein de trucs que je trouve rigolos et marrants \u00e0 faire.<\/p>\n<!-- \/wp:paragraph -->\n\n<!-- wp:paragraph -->\n<p>Si vous voulez me contacter : <a href=\"mailto:ateshkia@ease.fr\">ateshkia@ease.fr<\/a>   (N'h\u00e9sitez pas). <\/p>\n<!-- \/wp:paragraph -->\n\n<!-- wp:paragraph -->\n<p>Pour nous lire et rester au courant du flux des nouveaux articles, nous vous conseillons d'utiliser un lecteur de flux RSS. Pour cela il y a <a href=\"https:\/\/feedly.com\">Feedly<\/a> mais vous pouvez aussi utiliser une autre application du type lecteur RSS (par exemple <a href=\"https:\/\/www.microsoft.com\/fr-fr\/p\/newsflow\/9nblggh58s5r\">NewsFlow <\/a> pour <em>Windows<\/em>)<\/p>\n<!-- \/wp:paragraph -->","_et_gb_content_width":"","episode_type":"","audio_file":"","podmotor_file_id":"","podmotor_episode_id":"","cover_image":"","cover_image_id":"","duration":"","filesize":"","filesize_raw":"","date_recorded":"","explicit":"","block":"","itunes_episode_number":"","itunes_title":"","itunes_season_number":"","itunes_episode_type":"","footnotes":""},"class_list":["post-7","page","type-page","status-publish","hentry"],"aioseo_notices":[],"_links":{"self":[{"href":"https:\/\/www.ease.fr\/wordpress\/wp-json\/wp\/v2\/pages\/7","targetHints":{"allow":["GET"]}}],"collection":[{"href":"https:\/\/www.ease.fr\/wordpress\/wp-json\/wp\/v2\/pages"}],"about":[{"href":"https:\/\/www.ease.fr\/wordpress\/wp-json\/wp\/v2\/types\/page"}],"author":[{"embeddable":true,"href":"https:\/\/www.ease.fr\/wordpress\/wp-json\/wp\/v2\/users\/1"}],"replies":[{"embeddable":true,"href":"https:\/\/www.ease.fr\/wordpress\/wp-json\/wp\/v2\/comments?post=7"}],"version-history":[{"count":78,"href":"https:\/\/www.ease.fr\/wordpress\/wp-json\/wp\/v2\/pages\/7\/revisions"}],"predecessor-version":[{"id":10698,"href":"https:\/\/www.ease.fr\/wordpress\/wp-json\/wp\/v2\/pages\/7\/revisions\/10698"}],"wp:attachment":[{"href":"https:\/\/www.ease.fr\/wordpress\/wp-json\/wp\/v2\/media?parent=7"}],"curies":[{"name":"wp","href":"https:\/\/api.w.org\/{rel}","templated":true}]}}