{"id":3839,"date":"2020-07-21T13:42:22","date_gmt":"2020-07-21T11:42:22","guid":{"rendered":"https:\/\/www.ease.fr\/wordpress\/?page_id=3839"},"modified":"2023-07-22T22:49:56","modified_gmt":"2023-07-22T20:49:56","slug":"arcom-2","status":"publish","type":"page","link":"https:\/\/www.ease.fr\/wordpress\/arcom-2\/","title":{"rendered":"L&rsquo;ARCOM &#038; nous"},"content":{"rendered":"<p>[et_pb_section fb_built=\u00a0\u00bb1&Prime; _builder_version=\u00a0\u00bb4.21.0&Prime; _module_preset=\u00a0\u00bbdefault\u00a0\u00bb background_image=\u00a0\u00bbhttps:\/\/www.ease.fr\/wordpress\/wp-content\/uploads\/CARREAUXPAPERSEAMLESS.jpg\u00a0\u00bb top_divider_style=\u00a0\u00bbclouds2&Prime; top_divider_color=\u00a0\u00bb#0C71C3&Prime; top_divider_height=\u00a0\u00bb200px\u00a0\u00bb bottom_divider_style=\u00a0\u00bbwaves\u00a0\u00bb bottom_divider_color=\u00a0\u00bb#0A4401&Prime; hover_enabled=\u00a0\u00bb0&Prime; global_colors_info=\u00a0\u00bb{}\u00a0\u00bb background_size=\u00a0\u00bbinitial\u00a0\u00bb background_repeat=\u00a0\u00bbrepeat\u00a0\u00bb sticky_enabled=\u00a0\u00bb0&Prime;][et_pb_row _builder_version=\u00a0\u00bb4.16&Prime; _module_preset=\u00a0\u00bbdefault\u00a0\u00bb global_colors_info=\u00a0\u00bb{}\u00a0\u00bb][et_pb_column type=\u00a0\u00bb4_4&Prime; _builder_version=\u00a0\u00bb4.16&Prime; _module_preset=\u00a0\u00bbdefault\u00a0\u00bb global_colors_info=\u00a0\u00bb{}\u00a0\u00bb][et_pb_image src=\u00a0\u00bbhttps:\/\/www.ease.fr\/wordpress\/wp-content\/uploads\/ARCOM.png\u00a0\u00bb title_text=\u00a0\u00bbARCOM\u00a0\u00bb _builder_version=\u00a0\u00bb4.16&Prime; _module_preset=\u00a0\u00bbdefault\u00a0\u00bb width=\u00a0\u00bb60%\u00a0\u00bb module_alignment=\u00a0\u00bbcenter\u00a0\u00bb global_colors_info=\u00a0\u00bb{}\u00a0\u00bb][\/et_pb_image][et_pb_code disabled_on=\u00a0\u00bbon|on|off\u00a0\u00bb admin_label=\u00a0\u00bbSOLEILGLOBAL\u00a0\u00bb _builder_version=\u00a0\u00bb4.21.0&Prime; _module_preset=\u00a0\u00bbdefault\u00a0\u00bb animation_style=\u00a0\u00bbnone\u00a0\u00bb global_module=\u00a0\u00bb10351&Prime; global_colors_info=\u00a0\u00bb{}\u00a0\u00bb]<html><!-- [et_pb_line_break_holder] --><\/p>\n<div class=\"oscillating-image\"><!-- [et_pb_line_break_holder] --><img decoding=\"async\" src=\"https:\/\/www.ease.fr\/wordpress\/wp-content\/uploads\/SOLEIL-SOURIANT.svg\" alt=\"Soleil\"><!-- [et_pb_line_break_holder] --><\/div>\n<p><!-- [et_pb_line_break_holder] --><!-- [et_pb_line_break_holder] --><\/p>\n<style><!-- [et_pb_line_break_holder] -->.oscillating-image {<!-- [et_pb_line_break_holder] -->  width: 10%;<!-- [et_pb_line_break_holder] -->  height: auto;<!-- [et_pb_line_break_holder] -->  position: fixed;<!-- [et_pb_line_break_holder] -->  right: 10px;<!-- [et_pb_line_break_holder] -->  z-index: 9999;<!-- [et_pb_line_break_holder] -->  animation: oscillate 2s ease-in-out infinite, fadeIn 3s ease-in-out forwards;<!-- [et_pb_line_break_holder] -->}<!-- [et_pb_line_break_holder] -->@keyframes oscillate {<!-- [et_pb_line_break_holder] -->  0% { transform: translate(0, 0); }<!-- [et_pb_line_break_holder] -->  50% { transform: translate(3px, 3px); }<!-- [et_pb_line_break_holder] -->  100% { transform: translate(0, 0); }<!-- [et_pb_line_break_holder] -->}<!-- [et_pb_line_break_holder] -->@keyframes fadeIn {<!-- [et_pb_line_break_holder] -->  0% { opacity: 0; }<!-- [et_pb_line_break_holder] -->  90% { opacity: 0; }<!-- [et_pb_line_break_holder] -->  100% { opacity: 1; }<!-- [et_pb_line_break_holder] -->}<!-- [et_pb_line_break_holder] --><\/style>\n<p><!-- [et_pb_line_break_holder] --><!-- [et_pb_line_break_holder] --><script><!-- [et_pb_line_break_holder] -->window.onload = function() {<!-- [et_pb_line_break_holder] -->  var el = document.querySelector('.oscillating-image');<!-- [et_pb_line_break_holder] -->  var initialTop = 10; \/\/ This is the initial 'top' value for your element in percentage<!-- [et_pb_line_break_holder] -->  var rate = 2.5;  \/\/ Higher values will speed up the parallax effect<!-- [et_pb_line_break_holder] --><!-- [et_pb_line_break_holder] -->  function updatePosition() {<!-- [et_pb_line_break_holder] -->    var scrolledTop = (window.pageYOffset * rate) \/ (document.documentElement.scrollHeight - window.innerHeight);<!-- [et_pb_line_break_holder] -->    el.style.top = (initialTop - (scrolledTop * 100)) + '%';<!-- [et_pb_line_break_holder] -->  }<!-- [et_pb_line_break_holder] --><!-- [et_pb_line_break_holder] -->  \/\/ Call the function immediately to set the initial position<!-- [et_pb_line_break_holder] -->  updatePosition();<!-- [et_pb_line_break_holder] --><!-- [et_pb_line_break_holder] -->  \/\/ Then call it again whenever the user scrolls<!-- [et_pb_line_break_holder] -->  window.addEventListener(\"scroll\", updatePosition);<!-- [et_pb_line_break_holder] -->}<!-- [et_pb_line_break_holder] --><\/script><!-- [et_pb_line_break_holder] --><!-- [et_pb_line_break_holder] --><\/html>[\/et_pb_code][et_pb_text _builder_version=\u00a0\u00bb4.16&Prime; _module_preset=\u00a0\u00bbdefault\u00a0\u00bb custom_margin=\u00a0\u00bb||-92px|||\u00a0\u00bb custom_padding=\u00a0\u00bb||0px|||\u00a0\u00bb global_colors_info=\u00a0\u00bb{}\u00a0\u00bb]<\/p>\n<h2 style=\"text-align: center;\"><strong>Les Auteurs, l&rsquo;ARCOM &amp; nous\u00a0 * <\/strong><\/h2>\n<h5 style=\"text-align: center;\"><strong>\u00a0<span style=\"text-align: center;\">* (petite r\u00e9flexion\u00a0sur le droit d&rsquo;auteur)<\/span><\/strong><\/h5>\n<h5 style=\"text-align: justify;\"><strong>En 2022, le CSA &amp; l&rsquo;HADOPI fusionnent pour devenir l&rsquo;ARCOM. Grand r\u00e9gulateur de la communication audiovisuelle et num\u00e9rique. C&rsquo;est bien d&rsquo;eux que nous d\u00e9pendons donc .. Ce qui nous vaut ce petit paragraphe : <\/strong><\/h5>\n<h5 style=\"text-align: justify;\"><strong>Tout d&rsquo;abord je tiens \u00e0 dire que nous respectons l&rsquo;id\u00e9e de droits d&rsquo;auteur. Nous comprenons que les \u0153uvres vivantes ont besoin de protection face aux piratages divers et doivent trouver un juste mod\u00e8le de r\u00e9mun\u00e9ration pour exister. Nous prot\u00e9geons ces \u0153uvres \u00e0 notre mani\u00e8re et respectons les lois en vigueur et nous n&rsquo;avons besoin de personne pour le faire. Cependant quand on voit que la majorit\u00e9s des droits d&rsquo;auteurs \u00e0 l&rsquo;heure actuelle (par exemple dans la musique) vont \u00e0 des artistes comme Dalida, Johnny Halliday, JJ Goldman, et j&rsquo;en passe. On peut se poser quelques questions sur la justesse avec laquelle ces droits sont utilis\u00e9s. Comment se fait il qu&rsquo;un film comme \u00ab\u00a0La mort aux trousses\u00a0\u00bb d&rsquo;Alfred Hitchcock (1959) soit encore prot\u00e9g\u00e9 du droit d&rsquo;auteur ?? Toute l&rsquo;\u00e9quipe du film est aujourd&rsquo;hui disparue, morte et enterr\u00e9e et pourtant la diffusion est bloqu\u00e9e par les studios.. Je m&rsquo;en \u00e9tonne. Depuis longtemps ce film et tant d&rsquo;autres devraient \u00eatre dans le domaine publique et ne devraient pas avoir de vie commerciale. (hors exceptions). Pareil pour les livres et autres. Comment justifier que le travail de Stieg Larsson (publi\u00e9 en 2004 juste apr\u00e8s sa mort) ne g\u00e9n\u00e8re autant de droits d&rsquo;auteur ??? Comment justifier que le droit d&rsquo;auteur ainsi perverti ne deviennent un droit perp\u00e9tuel \u00e0 l&rsquo;h\u00e9ritage.. Je ne suis pas sur de cautionner cela. Et d&rsquo;ailleurs pas du tout ! A travers notre d\u00e9marche au Journal des Poules nous plions quelques peu ces r\u00e8gles pour d\u00e9finir un monde plus juste et (enfin) empreint de bon sens.<\/strong><\/h5>\n<h5><strong>Ainsi, nous nous engageons par la pr\u00e9sente :<\/strong><\/h5>\n<h5><strong>&#8211; \u00e0 ne diffuser que des auteurs morts sur notre site, des \u0153uvres dont les droits d&rsquo;auteurs sont lib\u00e9r\u00e9s,<\/strong><\/h5>\n<h5><strong>&#8211; \u00e0 r\u00e9mun\u00e9rer les artistes avec lesquels nous travaillons sur une base juste.<\/strong><\/h5>\n<h5><strong>Nous vous remercions de votre attention, et vous demandons de bien croire en nos bonnes intentions.<\/strong><\/h5>\n<h5><strong>Cordialement.<\/strong><\/h5>\n<h6 style=\"text-align: center;\"><strong><span style=\"text-decoration: underline;\">Le Journal des Poules<\/span><\/strong><\/h6>\n<p>&nbsp;<\/p>\n<p>[\/et_pb_text][et_pb_image src=\u00a0\u00bbhttps:\/\/www.ease.fr\/wordpress\/wp-content\/uploads\/Sign.png\u00a0\u00bb title_text=\u00a0\u00bbSign\u00a0\u00bb _builder_version=\u00a0\u00bb4.16&Prime; _module_preset=\u00a0\u00bbdefault\u00a0\u00bb width=\u00a0\u00bb30%\u00a0\u00bb module_alignment=\u00a0\u00bbcenter\u00a0\u00bb custom_padding=\u00a0\u00bb0px|||||\u00a0\u00bb global_colors_info=\u00a0\u00bb{}\u00a0\u00bb][\/et_pb_image][\/et_pb_column][\/et_pb_row][et_pb_row _builder_version=\u00a0\u00bb4.16&Prime; _module_preset=\u00a0\u00bbdefault\u00a0\u00bb custom_margin=\u00a0\u00bb|auto|55px|auto||\u00a0\u00bb global_colors_info=\u00a0\u00bb{}\u00a0\u00bb][et_pb_column type=\u00a0\u00bb4_4&Prime; _builder_version=\u00a0\u00bb4.16&Prime; _module_preset=\u00a0\u00bbdefault\u00a0\u00bb global_colors_info=\u00a0\u00bb{}\u00a0\u00bb][et_pb_text _builder_version=\u00a0\u00bb4.16&Prime; _module_preset=\u00a0\u00bbdefault\u00a0\u00bb global_colors_info=\u00a0\u00bb{}\u00a0\u00bb]<\/p>\n<h6 style=\"text-align: center;\"><strong>Ce texte n&rsquo;engage que nous, bien que nous aimerions \u00e9largir le mouvement<\/strong><\/h6>\n<p>[\/et_pb_text][\/et_pb_column][\/et_pb_row][\/et_pb_section]<\/p>\n<span class=\"et_bloom_bottom_trigger\"><\/span>","protected":false},"excerpt":{"rendered":"<p>La HADOPI &#038; nous<\/p>\n","protected":false},"author":1,"featured_media":7569,"parent":0,"menu_order":0,"comment_status":"closed","ping_status":"closed","template":"","meta":{"_et_pb_use_builder":"on","_et_pb_old_content":"","_et_gb_content_width":"","episode_type":"","audio_file":"","podmotor_file_id":"","podmotor_episode_id":"","cover_image":"","cover_image_id":"","duration":"","filesize":"","filesize_raw":"","date_recorded":"","explicit":"","block":"","itunes_episode_number":"","itunes_title":"","itunes_season_number":"","itunes_episode_type":"","footnotes":""},"class_list":["post-3839","page","type-page","status-publish","has-post-thumbnail","hentry"],"aioseo_notices":[],"_links":{"self":[{"href":"https:\/\/www.ease.fr\/wordpress\/wp-json\/wp\/v2\/pages\/3839","targetHints":{"allow":["GET"]}}],"collection":[{"href":"https:\/\/www.ease.fr\/wordpress\/wp-json\/wp\/v2\/pages"}],"about":[{"href":"https:\/\/www.ease.fr\/wordpress\/wp-json\/wp\/v2\/types\/page"}],"author":[{"embeddable":true,"href":"https:\/\/www.ease.fr\/wordpress\/wp-json\/wp\/v2\/users\/1"}],"replies":[{"embeddable":true,"href":"https:\/\/www.ease.fr\/wordpress\/wp-json\/wp\/v2\/comments?post=3839"}],"version-history":[{"count":28,"href":"https:\/\/www.ease.fr\/wordpress\/wp-json\/wp\/v2\/pages\/3839\/revisions"}],"predecessor-version":[{"id":10478,"href":"https:\/\/www.ease.fr\/wordpress\/wp-json\/wp\/v2\/pages\/3839\/revisions\/10478"}],"wp:featuredmedia":[{"embeddable":true,"href":"https:\/\/www.ease.fr\/wordpress\/wp-json\/wp\/v2\/media\/7569"}],"wp:attachment":[{"href":"https:\/\/www.ease.fr\/wordpress\/wp-json\/wp\/v2\/media?parent=3839"}],"curies":[{"name":"wp","href":"https:\/\/api.w.org\/{rel}","templated":true}]}}