{"id":2450,"date":"2020-05-10T10:44:55","date_gmt":"2020-05-10T08:44:55","guid":{"rendered":"https:\/\/www.ease.fr\/wordpress\/?page_id=2450"},"modified":"2023-09-08T12:07:54","modified_gmt":"2023-09-08T10:07:54","slug":"expositions","status":"publish","type":"page","link":"https:\/\/www.ease.fr\/wordpress\/expositions\/","title":{"rendered":"EXPOSITIONS"},"content":{"rendered":"<p>[et_pb_section fb_built=\u00a0\u00bb1&Prime; _builder_version=\u00a0\u00bb4.22.0&Prime; background_image=\u00a0\u00bbhttps:\/\/www.ease.fr\/wordpress\/wp-content\/uploads\/CARREAUXPAPERSEAMLESS.jpg\u00a0\u00bb background_size=\u00a0\u00bbinitial\u00a0\u00bb background_repeat=\u00a0\u00bbrepeat\u00a0\u00bb top_divider_style=\u00a0\u00bbclouds2&Prime; top_divider_color=\u00a0\u00bb#0C71C3&Prime; top_divider_height=\u00a0\u00bb200px\u00a0\u00bb bottom_divider_style=\u00a0\u00bbwaves\u00a0\u00bb bottom_divider_color=\u00a0\u00bb#0a4401&Prime; global_colors_info=\u00a0\u00bb{}\u00a0\u00bb][et_pb_row _builder_version=\u00a0\u00bb4.16&Prime; global_colors_info=\u00a0\u00bb{}\u00a0\u00bb][et_pb_column type=\u00a0\u00bb4_4&Prime; _builder_version=\u00a0\u00bb4.16&Prime; global_colors_info=\u00a0\u00bb{}\u00a0\u00bb][et_pb_text _builder_version=\u00a0\u00bb4.16&Prime; global_colors_info=\u00a0\u00bb{}\u00a0\u00bb]<\/p>\n<h2 style=\"text-align: center;\"><span style=\"text-decoration: underline;\"><strong>Expositions<\/strong> \/ Art na\u00eff<\/span><\/h2>\n<p>[\/et_pb_text][et_pb_text _builder_version=\u00a0\u00bb4.22.1&Prime; hover_enabled=\u00a0\u00bb0&Prime; global_colors_info=\u00a0\u00bb{}\u00a0\u00bb sticky_enabled=\u00a0\u00bb0&Prime;]<\/p>\n<h6 style=\"text-align: center;\"><strong>un peu de douceur, nous vous pr\u00e9sentons les dessins noir et blanc d&rsquo;Alicia Dufourmentelle, artiste na\u00efve et nomade qui nous et vous mettra en joie.\u00a0<\/strong><\/h6>\n<h6 style=\"text-align: center;\"><strong>Tout \u00e7a rien que pour vos p&rsquo;tits yeux les loulous !?<\/strong><\/h6>\n<h6 style=\"text-align: center;\"><strong>Bonne visite !<\/strong><\/h6>\n<p>[\/et_pb_text][et_pb_code disabled_on=\u00a0\u00bbon|on|off\u00a0\u00bb admin_label=\u00a0\u00bbSOLEILGLOBAL\u00a0\u00bb _builder_version=\u00a0\u00bb4.21.0&Prime; _module_preset=\u00a0\u00bbdefault\u00a0\u00bb animation_style=\u00a0\u00bbnone\u00a0\u00bb global_module=\u00a0\u00bb10351&Prime; global_colors_info=\u00a0\u00bb{}\u00a0\u00bb]<html><!-- [et_pb_line_break_holder] --><\/p>\n<div class=\"oscillating-image\"><!-- [et_pb_line_break_holder] --><img decoding=\"async\" src=\"https:\/\/www.ease.fr\/wordpress\/wp-content\/uploads\/SOLEIL-SOURIANT.svg\" alt=\"Soleil\"><!-- [et_pb_line_break_holder] --><\/div>\n<p><!-- [et_pb_line_break_holder] --><!-- [et_pb_line_break_holder] --><\/p>\n<style><!-- [et_pb_line_break_holder] -->.oscillating-image {<!-- [et_pb_line_break_holder] -->  width: 10%;<!-- [et_pb_line_break_holder] -->  height: auto;<!-- [et_pb_line_break_holder] -->  position: fixed;<!-- [et_pb_line_break_holder] -->  right: 10px;<!-- [et_pb_line_break_holder] -->  z-index: 9999;<!-- [et_pb_line_break_holder] -->  animation: oscillate 2s ease-in-out infinite, fadeIn 3s ease-in-out forwards;<!-- [et_pb_line_break_holder] -->}<!-- [et_pb_line_break_holder] -->@keyframes oscillate {<!-- [et_pb_line_break_holder] -->  0% { transform: translate(0, 0); }<!-- [et_pb_line_break_holder] -->  50% { transform: translate(3px, 3px); }<!-- [et_pb_line_break_holder] -->  100% { transform: translate(0, 0); }<!-- [et_pb_line_break_holder] -->}<!-- [et_pb_line_break_holder] -->@keyframes fadeIn {<!-- [et_pb_line_break_holder] -->  0% { opacity: 0; }<!-- [et_pb_line_break_holder] -->  90% { opacity: 0; }<!-- [et_pb_line_break_holder] -->  100% { opacity: 1; }<!-- [et_pb_line_break_holder] -->}<!-- [et_pb_line_break_holder] --><\/style>\n<p><!-- [et_pb_line_break_holder] --><!-- [et_pb_line_break_holder] --><script><!-- [et_pb_line_break_holder] -->window.onload = function() {<!-- [et_pb_line_break_holder] -->  var el = document.querySelector('.oscillating-image');<!-- [et_pb_line_break_holder] -->  var initialTop = 10; \/\/ This is the initial 'top' value for your element in percentage<!-- [et_pb_line_break_holder] -->  var rate = 2.5;  \/\/ Higher values will speed up the parallax effect<!-- [et_pb_line_break_holder] --><!-- [et_pb_line_break_holder] -->  function updatePosition() {<!-- [et_pb_line_break_holder] -->    var scrolledTop = (window.pageYOffset * rate) \/ (document.documentElement.scrollHeight - window.innerHeight);<!-- [et_pb_line_break_holder] -->    el.style.top = (initialTop - (scrolledTop * 100)) + '%';<!-- [et_pb_line_break_holder] -->  }<!-- [et_pb_line_break_holder] --><!-- [et_pb_line_break_holder] -->  \/\/ Call the function immediately to set the initial position<!-- [et_pb_line_break_holder] -->  updatePosition();<!-- [et_pb_line_break_holder] --><!-- [et_pb_line_break_holder] -->  \/\/ Then call it again whenever the user scrolls<!-- [et_pb_line_break_holder] -->  window.addEventListener(\"scroll\", updatePosition);<!-- [et_pb_line_break_holder] -->}<!-- [et_pb_line_break_holder] --><\/script><!-- [et_pb_line_break_holder] --><!-- [et_pb_line_break_holder] --><\/html>[\/et_pb_code][\/et_pb_column][\/et_pb_row][et_pb_row _builder_version=\u00a0\u00bb4.16&Prime; custom_padding=\u00a0\u00bb||49px|||\u00a0\u00bb global_colors_info=\u00a0\u00bb{}\u00a0\u00bb][et_pb_column type=\u00a0\u00bb4_4&Prime; _builder_version=\u00a0\u00bb4.16&Prime; global_colors_info=\u00a0\u00bb{}\u00a0\u00bb][et_pb_blog fullwidth=\u00a0\u00bboff\u00a0\u00bb posts_number=\u00a0\u00bb30&Prime; include_categories=\u00a0\u00bb54&Prime; show_author=\u00a0\u00bboff\u00a0\u00bb use_overlay=\u00a0\u00bbon\u00a0\u00bb overlay_icon_color=\u00a0\u00bb#E02B20&Prime; hover_overlay_color=\u00a0\u00bbrgba(0,0,0,0.37)\u00a0\u00bb hover_icon=\u00a0\u00bb&#x49;||divi||400&Prime; _builder_version=\u00a0\u00bb4.16&Prime; header_font=\u00a0\u00bb|600|||||||\u00a0\u00bb header_text_align=\u00a0\u00bbcenter\u00a0\u00bb text_orientation=\u00a0\u00bbcenter\u00a0\u00bb animation_style=\u00a0\u00bbfade\u00a0\u00bb border_radii=\u00a0\u00bbon|10px|10px|10px|10px\u00a0\u00bb border_color_all=\u00a0\u00bb#000000&Prime; border_width_all_image=\u00a0\u00bb1px\u00a0\u00bb box_shadow_style=\u00a0\u00bbpreset1&Prime; box_shadow_style_image=\u00a0\u00bbpreset1&Prime; global_colors_info=\u00a0\u00bb{}\u00a0\u00bb][\/et_pb_blog][et_pb_text _builder_version=\u00a0\u00bb4.16&Prime; global_colors_info=\u00a0\u00bb{}\u00a0\u00bb]<\/p>\n<h6 style=\"text-align: center;\"><strong>De 2003 jusqu&rsquo;\u00e0 leur fermeture en 2019 nous organisions des expositions d&rsquo;images au caf\u00e9 restaurant <span style=\"color: #3366ff;\">le Botak<\/span>\u00a0(et aussi au <span style=\"color: #3366ff;\">Takbo<\/span>) \u00e0 Paris Montmartre (<span style=\"color: #3366ff;\">75018<\/span>)<\/strong><\/h6>\n<h6 style=\"text-align: center;\"><strong>Nous continuons ici la m\u00eame activit\u00e9.<\/strong><\/h6>\n<h6 style=\"text-align: center;\"><strong>\ud83d\udc95 Merci encore aux artistes en herbes ou pas qui acceptent de venir exposer ici, Le Journal des Poules est tr\u00e8s fier de vous les pr\u00e9senter \ud83d\udc95<\/strong><\/h6>\n<h6 style=\"text-align: center;\"><strong>Si par hasard vous faites des dessins, des gribouillages dont vous \u00eates fiers et que vous avez envie de montrer autours de vous, envoyez les nous pour qu&rsquo;on vous fasse une exposition en temps et en heure.<\/strong><\/h6>\n<h6 style=\"text-align: center;\"><span style=\"color: #3366ff;\"><strong><a href=\"mailto:lejournaldespoules@ease.fr\" style=\"color: #3366ff;\">LejournaldesPoules@ease.fr<\/a><\/strong><\/span><\/h6>\n<p style=\"text-align: center;\">[\/et_pb_text][\/et_pb_column][\/et_pb_row][\/et_pb_section]<\/p>\n<span class=\"et_bloom_bottom_trigger\"><\/span>","protected":false},"excerpt":{"rendered":"<p>Expositions \/ Art na\u00effun peu de douceur, nous vous pr\u00e9sentons les dessins noir et blanc d&rsquo;Alicia Dufourmentelle, artiste na\u00efve et nomade qui nous et vous mettra en joie.\u00a0 Tout \u00e7a rien que pour vos p&rsquo;tits yeux les loulous !? Bonne visite !De 2003 jusqu&rsquo;\u00e0 leur fermeture en 2019 nous organisions des expositions d&rsquo;images au caf\u00e9 [&hellip;]<\/p>\n","protected":false},"author":1,"featured_media":2295,"parent":0,"menu_order":0,"comment_status":"closed","ping_status":"closed","template":"","meta":{"_et_pb_use_builder":"on","_et_pb_old_content":"","_et_gb_content_width":"","episode_type":"","audio_file":"","podmotor_file_id":"","podmotor_episode_id":"","cover_image":"","cover_image_id":"","duration":"","filesize":"","filesize_raw":"","date_recorded":"","explicit":"","block":"","itunes_episode_number":"","itunes_title":"","itunes_season_number":"","itunes_episode_type":"","footnotes":""},"class_list":["post-2450","page","type-page","status-publish","has-post-thumbnail","hentry"],"aioseo_notices":[],"_links":{"self":[{"href":"https:\/\/www.ease.fr\/wordpress\/wp-json\/wp\/v2\/pages\/2450","targetHints":{"allow":["GET"]}}],"collection":[{"href":"https:\/\/www.ease.fr\/wordpress\/wp-json\/wp\/v2\/pages"}],"about":[{"href":"https:\/\/www.ease.fr\/wordpress\/wp-json\/wp\/v2\/types\/page"}],"author":[{"embeddable":true,"href":"https:\/\/www.ease.fr\/wordpress\/wp-json\/wp\/v2\/users\/1"}],"replies":[{"embeddable":true,"href":"https:\/\/www.ease.fr\/wordpress\/wp-json\/wp\/v2\/comments?post=2450"}],"version-history":[{"count":34,"href":"https:\/\/www.ease.fr\/wordpress\/wp-json\/wp\/v2\/pages\/2450\/revisions"}],"predecessor-version":[{"id":10707,"href":"https:\/\/www.ease.fr\/wordpress\/wp-json\/wp\/v2\/pages\/2450\/revisions\/10707"}],"wp:featuredmedia":[{"embeddable":true,"href":"https:\/\/www.ease.fr\/wordpress\/wp-json\/wp\/v2\/media\/2295"}],"wp:attachment":[{"href":"https:\/\/www.ease.fr\/wordpress\/wp-json\/wp\/v2\/media?parent=2450"}],"curies":[{"name":"wp","href":"https:\/\/api.w.org\/{rel}","templated":true}]}}