{"id":1809,"date":"2019-12-16T06:24:05","date_gmt":"2019-12-16T05:24:05","guid":{"rendered":"https:\/\/www.ease.fr\/wordpress\/?page_id=1809"},"modified":"2023-08-23T18:46:55","modified_gmt":"2023-08-23T16:46:55","slug":"slowmedias","status":"publish","type":"page","link":"https:\/\/www.ease.fr\/wordpress\/slowmedias\/","title":{"rendered":"Slow Medias"},"content":{"rendered":"<p>[et_pb_section fb_built=\u00a0\u00bb1&Prime; _builder_version=\u00a0\u00bb4.22.1&Prime; background_image=\u00a0\u00bbhttps:\/\/www.ease.fr\/wordpress\/wp-content\/uploads\/CARREAUXPAPERSEAMLESS.jpg\u00a0\u00bb background_size=\u00a0\u00bbinitial\u00a0\u00bb background_repeat=\u00a0\u00bbrepeat\u00a0\u00bb top_divider_style=\u00a0\u00bbclouds2&Prime; top_divider_color=\u00a0\u00bb#0C71C3&Prime; top_divider_height=\u00a0\u00bb200px\u00a0\u00bb bottom_divider_style=\u00a0\u00bbwaves\u00a0\u00bb bottom_divider_color=\u00a0\u00bb#0A4401&Prime; global_colors_info=\u00a0\u00bb{}\u00a0\u00bb][et_pb_row column_structure=\u00a0\u00bb1_4,1_2,1_4&Prime; _builder_version=\u00a0\u00bb4.16&Prime; global_colors_info=\u00a0\u00bb{}\u00a0\u00bb][et_pb_column type=\u00a0\u00bb1_4&Prime; _builder_version=\u00a0\u00bb4.16&Prime; global_colors_info=\u00a0\u00bb{}\u00a0\u00bb][et_pb_code _builder_version=\u00a0\u00bb4.21.0&Prime; _module_preset=\u00a0\u00bbdefault\u00a0\u00bb global_colors_info=\u00a0\u00bb{}\u00a0\u00bb]<script src=\"\/\/code.jquery.com\/jquery-1.12.0.min.js\"><\/script><!-- [et_pb_line_break_holder] -->  <script>var box=$(\".boxA\");<!-- [et_pb_line_break_holder] -->var boxCenter=[box.offset().left+box.width()\/2, box.offset().top+box.height()\/2];<!-- [et_pb_line_break_holder] --><!-- [et_pb_line_break_holder] -->$(document).mousemove(function(e){    <!-- [et_pb_line_break_holder] -->    <!-- [et_pb_line_break_holder] -->        <!-- [et_pb_line_break_holder] -->\tvar angle = Math.atan2(e.pageX- boxCenter[0],- (e.pageY- boxCenter[1]) )*(180\/Math.PI);\t    <!-- [et_pb_line_break_holder] -->    <!-- [et_pb_line_break_holder] -->    box.css({ \"-webkit-transform\": 'rotate(' + angle + 'deg)'});    <!-- [et_pb_line_break_holder] -->    box.css({ '-moz-transform': 'rotate(' + angle + 'deg)'});<!-- [et_pb_line_break_holder] -->    box.css({ 'transform': 'rotate(' + angle + 'deg)'});<!-- [et_pb_line_break_holder] -->    <!-- [et_pb_line_break_holder] -->});<!-- [et_pb_line_break_holder] --><\/script><!-- [et_pb_line_break_holder] --><\/p>\n<style>.boxA{<!-- [et_pb_line_break_holder] -->width: 250px;<!-- [et_pb_line_break_holder] -->height: 250px;<!-- [et_pb_line_break_holder] --><!-- [et_pb_line_break_holder] -->position: absolute;<!-- [et_pb_line_break_holder] -->left: 13%;<!-- [et_pb_line_break_holder] -->top: 100px;<!-- [et_pb_line_break_holder] -->}<\/style>\n<p><!-- [et_pb_line_break_holder] --><\/p>\n<style><!-- [et_pb_line_break_holder] -->  .wprock-img-zoom-hover .wprock-img-zoom {<!-- [et_pb_line_break_holder] -->        overflow: hidden;<!-- [et_pb_line_break_holder] -->        position: relative; <!-- [et_pb_line_break_holder] -->    }<!-- [et_pb_line_break_holder] -->    .wprock-img-zoom-hover .wprock-img-zoom img {<!-- [et_pb_line_break_holder] -->        max-width: 100%;<!-- [et_pb_line_break_holder] -->        -moz-transition: all 0.8s;<!-- [et_pb_line_break_holder] -->        -webkit-transition: all 0.8s;<!-- [et_pb_line_break_holder] -->        transition: all 0.8s;<!-- [et_pb_line_break_holder] -->    }<!-- [et_pb_line_break_holder] -->    .wprock-img-zoom-hover .wprock-img-zoom * {<!-- [et_pb_line_break_holder] -->        -moz-box-sizing: border-box;<!-- [et_pb_line_break_holder] -->        -webkit-box-sizing: border-box;<!-- [et_pb_line_break_holder] -->        box-sizing: border-box;<!-- [et_pb_line_break_holder] -->        margin: 0;<!-- [et_pb_line_break_holder] -->        padding: 0;<!-- [et_pb_line_break_holder] -->    }<!-- [et_pb_line_break_holder] -->    .wprock-img-zoom-hover:hover .wprock-img-zoom img {<!-- [et_pb_line_break_holder] -->        -moz-transform: scale(1.06);<!-- [et_pb_line_break_holder] -->        -webkit-transform: scale(1.06);<!-- [et_pb_line_break_holder] -->        transform: scale(1.06);<!-- [et_pb_line_break_holder] -->    }<!-- [et_pb_line_break_holder] --><\/style>\n<p><!-- [et_pb_line_break_holder] --><html><!-- [et_pb_line_break_holder] -->      <\/p>\n<div class=\"wprock-img-zoom-hover\"><!-- [et_pb_line_break_holder] -->        <\/p>\n<div class=\"wprock-img-zoom\"><!-- [et_pb_line_break_holder] -->            <img decoding=\"async\" src=\"https:\/\/www.ease.fr\/wordpress\/wp-content\/uploads\/Tortue.png\" alt=\"wpRock CSS - Zomm effect on image hover\"><!-- [et_pb_line_break_holder] -->        <\/div>\n<p><!-- [et_pb_line_break_holder] -->    <\/div>\n<p><!-- [et_pb_line_break_holder] --><\/html>[\/et_pb_code][\/et_pb_column][et_pb_column type=\u00a0\u00bb1_2&Prime; _builder_version=\u00a0\u00bb4.16&Prime; global_colors_info=\u00a0\u00bb{}\u00a0\u00bb][et_pb_text _builder_version=\u00a0\u00bb4.16&Prime; global_colors_info=\u00a0\u00bb{}\u00a0\u00bb]<\/p>\n<h2 style=\"text-align: center;\"><span style=\"text-decoration: underline;\"><strong>Le \u00ab\u00a0Slow mode\u00a0\u00bb &amp; M\u00e9dias Lents<\/strong><\/span><\/h2>\n<p><strong><\/strong><\/p>\n<p><strong><\/strong><\/p>\n<p><strong><\/strong><\/p>\n<p><strong><\/strong><\/p>\n<p><strong><\/strong><\/p>\n<h4 style=\"text-align: center;\"><strong>Bon c&rsquo;est pas ici qu&rsquo;on va gagner du temps .. C&rsquo;est plut\u00f4t tout l&rsquo;inverse ..<\/strong><\/h4>\n<p style=\"text-align: center;\">\n<p>[\/et_pb_text][et_pb_code disabled_on=\u00a0\u00bbon|on|off\u00a0\u00bb admin_label=\u00a0\u00bbSOLEILGLOBAL\u00a0\u00bb _builder_version=\u00a0\u00bb4.21.0&Prime; _module_preset=\u00a0\u00bbdefault\u00a0\u00bb animation_style=\u00a0\u00bbnone\u00a0\u00bb global_module=\u00a0\u00bb10351&Prime; global_colors_info=\u00a0\u00bb{}\u00a0\u00bb]<html><!-- [et_pb_line_break_holder] --><\/p>\n<div class=\"oscillating-image\"><!-- [et_pb_line_break_holder] --><img decoding=\"async\" src=\"https:\/\/www.ease.fr\/wordpress\/wp-content\/uploads\/SOLEIL-SOURIANT.svg\" alt=\"Soleil\"><!-- [et_pb_line_break_holder] --><\/div>\n<p><!-- [et_pb_line_break_holder] --><!-- [et_pb_line_break_holder] --><\/p>\n<style><!-- [et_pb_line_break_holder] -->.oscillating-image {<!-- [et_pb_line_break_holder] -->  width: 10%;<!-- [et_pb_line_break_holder] -->  height: auto;<!-- [et_pb_line_break_holder] -->  position: fixed;<!-- [et_pb_line_break_holder] -->  right: 10px;<!-- [et_pb_line_break_holder] -->  z-index: 9999;<!-- [et_pb_line_break_holder] -->  animation: oscillate 2s ease-in-out infinite, fadeIn 3s ease-in-out forwards;<!-- [et_pb_line_break_holder] -->}<!-- [et_pb_line_break_holder] -->@keyframes oscillate {<!-- [et_pb_line_break_holder] -->  0% { transform: translate(0, 0); }<!-- [et_pb_line_break_holder] -->  50% { transform: translate(3px, 3px); }<!-- [et_pb_line_break_holder] -->  100% { transform: translate(0, 0); }<!-- [et_pb_line_break_holder] -->}<!-- [et_pb_line_break_holder] -->@keyframes fadeIn {<!-- [et_pb_line_break_holder] -->  0% { opacity: 0; }<!-- [et_pb_line_break_holder] -->  90% { opacity: 0; }<!-- [et_pb_line_break_holder] -->  100% { opacity: 1; }<!-- [et_pb_line_break_holder] -->}<!-- [et_pb_line_break_holder] --><\/style>\n<p><!-- [et_pb_line_break_holder] --><!-- [et_pb_line_break_holder] --><script><!-- [et_pb_line_break_holder] -->window.onload = function() {<!-- [et_pb_line_break_holder] -->  var el = document.querySelector('.oscillating-image');<!-- [et_pb_line_break_holder] -->  var initialTop = 10; \/\/ This is the initial 'top' value for your element in percentage<!-- [et_pb_line_break_holder] -->  var rate = 2.5;  \/\/ Higher values will speed up the parallax effect<!-- [et_pb_line_break_holder] --><!-- [et_pb_line_break_holder] -->  function updatePosition() {<!-- [et_pb_line_break_holder] -->    var scrolledTop = (window.pageYOffset * rate) \/ (document.documentElement.scrollHeight - window.innerHeight);<!-- [et_pb_line_break_holder] -->    el.style.top = (initialTop - (scrolledTop * 100)) + '%';<!-- [et_pb_line_break_holder] -->  }<!-- [et_pb_line_break_holder] --><!-- [et_pb_line_break_holder] -->  \/\/ Call the function immediately to set the initial position<!-- [et_pb_line_break_holder] -->  updatePosition();<!-- [et_pb_line_break_holder] --><!-- [et_pb_line_break_holder] -->  \/\/ Then call it again whenever the user scrolls<!-- [et_pb_line_break_holder] -->  window.addEventListener(\"scroll\", updatePosition);<!-- [et_pb_line_break_holder] -->}<!-- [et_pb_line_break_holder] --><\/script><!-- [et_pb_line_break_holder] --><!-- [et_pb_line_break_holder] --><\/html>[\/et_pb_code][\/et_pb_column][et_pb_column type=\u00a0\u00bb1_4&Prime; _builder_version=\u00a0\u00bb4.16&Prime; global_colors_info=\u00a0\u00bb{}\u00a0\u00bb][et_pb_code _builder_version=\u00a0\u00bb4.21.0&Prime; _module_preset=\u00a0\u00bbdefault\u00a0\u00bb transform_scale=\u00a0\u00bb-100%|100%\u00a0\u00bb transform_scale_linked=\u00a0\u00bboff\u00a0\u00bb transform_translate_linked=\u00a0\u00bboff\u00a0\u00bb global_colors_info=\u00a0\u00bb{}\u00a0\u00bb]<html><!-- [et_pb_line_break_holder] -->      <\/p>\n<div class=\"wprock-img-zoom-hover\"><!-- [et_pb_line_break_holder] -->        <\/p>\n<div class=\"wprock-img-zoom\"><!-- [et_pb_line_break_holder] -->            <img decoding=\"async\" src=\"https:\/\/www.ease.fr\/wordpress\/wp-content\/uploads\/Tortue.png\" alt=\"wpRock CSS - Zomm effect on image hover\"><!-- [et_pb_line_break_holder] -->        <\/div>\n<p><!-- [et_pb_line_break_holder] -->    <\/div>\n<p><!-- [et_pb_line_break_holder] --><\/html>[\/et_pb_code][\/et_pb_column][\/et_pb_row][et_pb_row _builder_version=\u00a0\u00bb4.16&Prime; global_colors_info=\u00a0\u00bb{}\u00a0\u00bb][et_pb_column type=\u00a0\u00bb4_4&Prime; _builder_version=\u00a0\u00bb4.16&Prime; global_colors_info=\u00a0\u00bb{}\u00a0\u00bb][et_pb_text _builder_version=\u00a0\u00bb4.16&Prime; global_colors_info=\u00a0\u00bb{}\u00a0\u00bb]<\/p>\n<h6 style=\"text-align: center;\"><strong>Tout d&rsquo;abord un classique ind\u00e9modable ici au Journal des Poules :<\/strong><\/h6>\n<p>[\/et_pb_text][et_pb_audio audio=\u00a0\u00bbhttps:\/\/www.ease.fr\/wordpress\/wp-content\/uploads\/2019\/11\/Chats-ronronron.mp3&Prime; title=\u00a0\u00bbLes ronRonRons des matous\u00a0\u00bb artist_name=\u00a0\u00bbRomain-Michel\u00a0\u00bb _builder_version=\u00a0\u00bb4.21.0&Prime; title_font=\u00a0\u00bb|700|||||||\u00a0\u00bb title_text_align=\u00a0\u00bbcenter\u00a0\u00bb caption_font_size=\u00a0\u00bb20px\u00a0\u00bb use_background_color_gradient=\u00a0\u00bbon\u00a0\u00bb background_color_gradient_stops=\u00a0\u00bb#2b87da 0%|#e02b20 100%\u00a0\u00bb background_color_gradient_end=\u00a0\u00bb#e02b20&Prime; background_image=\u00a0\u00bbhttps:\/\/www.ease.fr\/wordpress\/wp-content\/uploads\/2020\/05\/blue-flowers-long-3xxx.jpg\u00a0\u00bb module_alignment=\u00a0\u00bbcenter\u00a0\u00bb animation_style=\u00a0\u00bbfade\u00a0\u00bb title_text_shadow_style=\u00a0\u00bbpreset2&Prime; title_text_shadow_blur_strength=\u00a0\u00bb0.38em\u00a0\u00bb caption_text_shadow_style=\u00a0\u00bbpreset1&Prime; border_radii=\u00a0\u00bbon|10px|10px|10px|10px\u00a0\u00bb border_color_all=\u00a0\u00bb#000000&Prime; box_shadow_style=\u00a0\u00bbpreset1&Prime; global_colors_info=\u00a0\u00bb{}\u00a0\u00bb][\/et_pb_audio][et_pb_text _builder_version=\u00a0\u00bb4.16&Prime; global_colors_info=\u00a0\u00bb{}\u00a0\u00bb]<\/p>\n<h6 style=\"text-align: center;\"><strong>Puis quelques articles du blog qui parle de slow m\u00e9dias, (dont le fameux feu de bois !)\u00a0<em>#amustsee :<\/em><\/strong><\/h6>\n<p>[\/et_pb_text][\/et_pb_column][\/et_pb_row][et_pb_row _builder_version=\u00a0\u00bb4.16&Prime; global_colors_info=\u00a0\u00bb{}\u00a0\u00bb][et_pb_column type=\u00a0\u00bb4_4&Prime; _builder_version=\u00a0\u00bb4.16&Prime; global_colors_info=\u00a0\u00bb{}\u00a0\u00bb][et_pb_blog fullwidth=\u00a0\u00bboff\u00a0\u00bb posts_number=\u00a0\u00bb9&Prime; include_categories=\u00a0\u00bb39&Prime; use_manual_excerpt=\u00a0\u00bboff\u00a0\u00bb excerpt_length=\u00a0\u00bb80&Prime; show_author=\u00a0\u00bboff\u00a0\u00bb show_date=\u00a0\u00bboff\u00a0\u00bb show_categories=\u00a0\u00bboff\u00a0\u00bb show_excerpt=\u00a0\u00bboff\u00a0\u00bb show_pagination=\u00a0\u00bboff\u00a0\u00bb use_overlay=\u00a0\u00bbon\u00a0\u00bb overlay_icon_color=\u00a0\u00bb#E02B20&Prime; hover_overlay_color=\u00a0\u00bbrgba(0,0,0,0.44)\u00a0\u00bb hover_icon=\u00a0\u00bb&#x49;||divi||400&Prime; _builder_version=\u00a0\u00bb4.16&Prime; header_level=\u00a0\u00bbh5&Prime; header_font=\u00a0\u00bb|600|||||||\u00a0\u00bb header_text_align=\u00a0\u00bbcenter\u00a0\u00bb text_orientation=\u00a0\u00bbcenter\u00a0\u00bb custom_padding=\u00a0\u00bb|||20px||\u00a0\u00bb animation_style=\u00a0\u00bbfade\u00a0\u00bb animation_duration=\u00a0\u00bb800ms\u00a0\u00bb border_radii=\u00a0\u00bbon|10px|10px|10px|10px\u00a0\u00bb border_width_all=\u00a0\u00bb0px\u00a0\u00bb border_color_all=\u00a0\u00bb#000000&Prime; border_width_all_fullwidth=\u00a0\u00bb1px\u00a0\u00bb border_color_all_fullwidth=\u00a0\u00bb#000000&Prime; box_shadow_style=\u00a0\u00bbpreset1&Prime; global_colors_info=\u00a0\u00bb{}\u00a0\u00bb][\/et_pb_blog][\/et_pb_column][\/et_pb_row][et_pb_row _builder_version=\u00a0\u00bb4.22.1&Prime; _module_preset=\u00a0\u00bbdefault\u00a0\u00bb module_alignment=\u00a0\u00bbcenter\u00a0\u00bb animation_style=\u00a0\u00bbfade\u00a0\u00bb link_option_url=\u00a0\u00bbhttps:\/\/phoboslab.org\/wipegame\/\u00a0\u00bb link_option_url_new_window=\u00a0\u00bbon\u00a0\u00bb hover_enabled=\u00a0\u00bb0&Prime; saved_tabs=\u00a0\u00bball\u00a0\u00bb global_colors_info=\u00a0\u00bb{}\u00a0\u00bb theme_builder_area=\u00a0\u00bbpost_content\u00a0\u00bb sticky_enabled=\u00a0\u00bb0&Prime;][et_pb_column type=\u00a0\u00bb4_4&Prime; _builder_version=\u00a0\u00bb4.16&Prime; _module_preset=\u00a0\u00bbdefault\u00a0\u00bb global_colors_info=\u00a0\u00bb{}\u00a0\u00bb theme_builder_area=\u00a0\u00bbpost_content\u00a0\u00bb][et_pb_text _builder_version=\u00a0\u00bb4.22.1&Prime; _module_preset=\u00a0\u00bbdefault\u00a0\u00bb custom_margin=\u00a0\u00bb|38px|-7px|-53px||\u00a0\u00bb animation_style=\u00a0\u00bbfade\u00a0\u00bb link_option_url=\u00a0\u00bbhttps:\/\/www.fluideglacial.com\/\u00a0\u00bb link_option_url_new_window=\u00a0\u00bbon\u00a0\u00bb hover_enabled=\u00a0\u00bb0&Prime; global_colors_info=\u00a0\u00bb{}\u00a0\u00bb theme_builder_area=\u00a0\u00bbpost_content\u00a0\u00bb sticky_enabled=\u00a0\u00bb0&Prime;]<\/p>\n<h5 style=\"text-align: center;\"><a href=\"https:\/\/phoboslab.org\/wipegame\/\" target=\"_blank\" rel=\"noopener\"><strong>WipEout 2023 Web edition<\/strong><\/a><\/h5>\n<p>[\/et_pb_text][et_pb_code _builder_version=\u00a0\u00bb4.22.1&Prime; _module_preset=\u00a0\u00bbdefault\u00a0\u00bb text_orientation=\u00a0\u00bbcenter\u00a0\u00bb module_alignment=\u00a0\u00bbcenter\u00a0\u00bb custom_margin=\u00a0\u00bb||5px|||\u00a0\u00bb link_option_url=\u00a0\u00bbhttps:\/\/phoboslab.org\/wipegame\/\u00a0\u00bb link_option_url_new_window=\u00a0\u00bbon\u00a0\u00bb hover_enabled=\u00a0\u00bb0&Prime; global_colors_info=\u00a0\u00bb{}\u00a0\u00bb theme_builder_area=\u00a0\u00bbpost_content\u00a0\u00bb sticky_enabled=\u00a0\u00bb0&Prime;]<html><!-- [et_pb_line_break_holder] --><\/p>\n<div class=\"wprock-img-zoom-hover\"><!-- [et_pb_line_break_holder] --><\/p>\n<div class=\"wprock-img-zoom\"><!-- [et_pb_line_break_holder] --><img decoding=\"async\" src=\"https:\/\/www.ease.fr\/wordpress\/wp-content\/uploads\/WipEout_bandeau.png\" alt=\"wpRock CSS - Zomm effect on image hover\"><!-- [et_pb_line_break_holder] --><\/div>\n<p><!-- [et_pb_line_break_holder] --><\/div>\n<p><!-- [et_pb_line_break_holder] --><\/html>[\/et_pb_code][et_pb_text _builder_version=\u00a0\u00bb4.22.1&Prime; _module_preset=\u00a0\u00bbdefault\u00a0\u00bb animation_style=\u00a0\u00bbbounce\u00a0\u00bb link_option_url=\u00a0\u00bbhttps:\/\/www.fluideglacial.com\/\u00a0\u00bb hover_enabled=\u00a0\u00bb0&Prime; global_colors_info=\u00a0\u00bb{}\u00a0\u00bb theme_builder_area=\u00a0\u00bbpost_content\u00a0\u00bb sticky_enabled=\u00a0\u00bb0&Prime;]<\/p>\n<h6 style=\"text-align: center;\"><strong><\/strong><\/h6>\n<h6 style=\"text-align: center;\"><a href=\"https:\/\/phoboslab.org\/wipegame\/\" target=\"_blank\" rel=\"noopener\"><strong>Jouez dans votre navigateur en cliquant sur le bandeau<\/strong><\/a><\/h6>\n<p>[\/et_pb_text][et_pb_code _builder_version=\u00a0\u00bb4.16&Prime; _module_preset=\u00a0\u00bbdefault\u00a0\u00bb global_colors_info=\u00a0\u00bb{}\u00a0\u00bb theme_builder_area=\u00a0\u00bbpost_content\u00a0\u00bb]<\/p>\n<style>.boxA{<!-- [et_pb_line_break_holder] -->width: 250px;<!-- [et_pb_line_break_holder] -->height: 250px;<!-- [et_pb_line_break_holder] --><!-- [et_pb_line_break_holder] -->position: absolute;<!-- [et_pb_line_break_holder] -->left: 13%;<!-- [et_pb_line_break_holder] -->top: 100px;<!-- [et_pb_line_break_holder] -->}<\/style>\n<p><!-- [et_pb_line_break_holder] --><\/p>\n<style><!-- [et_pb_line_break_holder] -->  .wprock-img-zoom-hover .wprock-img-zoom {<!-- [et_pb_line_break_holder] -->        overflow: hidden;<!-- [et_pb_line_break_holder] -->        position: relative; <!-- [et_pb_line_break_holder] -->    }<!-- [et_pb_line_break_holder] -->    .wprock-img-zoom-hover .wprock-img-zoom img {<!-- [et_pb_line_break_holder] -->        max-width: 100%;<!-- [et_pb_line_break_holder] -->        -moz-transition: all 0.8s;<!-- [et_pb_line_break_holder] -->        -webkit-transition: all 0.8s;<!-- [et_pb_line_break_holder] -->        transition: all 0.8s;<!-- [et_pb_line_break_holder] -->    }<!-- [et_pb_line_break_holder] -->    .wprock-img-zoom-hover .wprock-img-zoom * {<!-- [et_pb_line_break_holder] -->        -moz-box-sizing: border-box;<!-- [et_pb_line_break_holder] -->        -webkit-box-sizing: border-box;<!-- [et_pb_line_break_holder] -->        box-sizing: border-box;<!-- [et_pb_line_break_holder] -->        margin: 0;<!-- [et_pb_line_break_holder] -->        padding: 0;<!-- [et_pb_line_break_holder] -->    }<!-- [et_pb_line_break_holder] -->    .wprock-img-zoom-hover:hover .wprock-img-zoom img {<!-- [et_pb_line_break_holder] -->        -moz-transform: scale(1.06);<!-- [et_pb_line_break_holder] -->        -webkit-transform: scale(1.06);<!-- [et_pb_line_break_holder] -->        transform: scale(1.06);<!-- [et_pb_line_break_holder] -->    }<!-- [et_pb_line_break_holder] --><\/style>\n<p><!-- [et_pb_line_break_holder] --><!-- [et_pb_line_break_holder] --><script src=\"\/\/code.jquery.com\/jquery-1.12.0.min.js\"><\/script><!-- [et_pb_line_break_holder] -->  <script>var box=$(\".boxA\");<!-- [et_pb_line_break_holder] -->var boxCenter=[box.offset().left+box.width()\/2, box.offset().top+box.height()\/2];<!-- [et_pb_line_break_holder] --><!-- [et_pb_line_break_holder] -->$(document).mousemove(function(e){    <!-- [et_pb_line_break_holder] -->    <!-- [et_pb_line_break_holder] -->        <!-- [et_pb_line_break_holder] -->\tvar angle = Math.atan2(e.pageX- boxCenter[0],- (e.pageY- boxCenter[1]) )*(180\/Math.PI);\t    <!-- [et_pb_line_break_holder] -->    <!-- [et_pb_line_break_holder] -->    box.css({ \"-webkit-transform\": 'rotate(' + angle + 'deg)'});    <!-- [et_pb_line_break_holder] -->    box.css({ '-moz-transform': 'rotate(' + angle + 'deg)'});<!-- [et_pb_line_break_holder] -->    box.css({ 'transform': 'rotate(' + angle + 'deg)'});<!-- [et_pb_line_break_holder] -->    <!-- [et_pb_line_break_holder] -->});<!-- [et_pb_line_break_holder] --><\/script>[\/et_pb_code][\/et_pb_column][\/et_pb_row][et_pb_row _builder_version=\u00a0\u00bb4.20.2&Prime; _module_preset=\u00a0\u00bbdefault\u00a0\u00bb global_colors_info=\u00a0\u00bb{}\u00a0\u00bb][et_pb_column type=\u00a0\u00bb4_4&Prime; _builder_version=\u00a0\u00bb4.20.2&Prime; _module_preset=\u00a0\u00bbdefault\u00a0\u00bb global_colors_info=\u00a0\u00bb{}\u00a0\u00bb][et_pb_text _builder_version=\u00a0\u00bb4.20.2&Prime; _module_preset=\u00a0\u00bbdefault\u00a0\u00bb global_colors_info=\u00a0\u00bb{}\u00a0\u00bb]<\/p>\n<h4 style=\"text-align: center;\"><strong>Et voici les conf\u00e9rences et diff\u00e9rents cours du site :<\/strong><\/h4>\n<p>[\/et_pb_text][et_pb_blog fullwidth=\u00a0\u00bboff\u00a0\u00bb posts_number=\u00a0\u00bb9&Prime; include_categories=\u00a0\u00bb53,13&Prime; use_manual_excerpt=\u00a0\u00bboff\u00a0\u00bb excerpt_length=\u00a0\u00bb80&Prime; show_author=\u00a0\u00bboff\u00a0\u00bb show_date=\u00a0\u00bboff\u00a0\u00bb show_categories=\u00a0\u00bboff\u00a0\u00bb show_excerpt=\u00a0\u00bboff\u00a0\u00bb show_pagination=\u00a0\u00bboff\u00a0\u00bb use_overlay=\u00a0\u00bbon\u00a0\u00bb overlay_icon_color=\u00a0\u00bb#E02B20&Prime; hover_overlay_color=\u00a0\u00bbrgba(0,0,0,0.44)\u00a0\u00bb hover_icon=\u00a0\u00bb&#x49;||divi||400&Prime; _builder_version=\u00a0\u00bb4.20.2&Prime; _module_preset=\u00a0\u00bbdefault\u00a0\u00bb header_level=\u00a0\u00bbh5&Prime; header_font=\u00a0\u00bb|600|||||||\u00a0\u00bb header_text_align=\u00a0\u00bbcenter\u00a0\u00bb text_orientation=\u00a0\u00bbcenter\u00a0\u00bb custom_padding=\u00a0\u00bb|||20px||\u00a0\u00bb animation_style=\u00a0\u00bbfade\u00a0\u00bb animation_duration=\u00a0\u00bb800ms\u00a0\u00bb border_radii=\u00a0\u00bbon|10px|10px|10px|10px\u00a0\u00bb border_width_all=\u00a0\u00bb0px\u00a0\u00bb border_color_all=\u00a0\u00bb#000000&Prime; border_width_all_fullwidth=\u00a0\u00bb1px\u00a0\u00bb border_color_all_fullwidth=\u00a0\u00bb#000000&Prime; box_shadow_style=\u00a0\u00bbpreset1&Prime; global_colors_info=\u00a0\u00bb{}\u00a0\u00bb][\/et_pb_blog][\/et_pb_column][\/et_pb_row][\/et_pb_section]<\/p>\n<span class=\"et_bloom_bottom_trigger\"><\/span>","protected":false},"excerpt":{"rendered":"<p>Le \u00ab\u00a0Slow mode\u00a0\u00bb &amp; M\u00e9dias Lents Bon c&rsquo;est pas ici qu&rsquo;on va gagner du temps .. C&rsquo;est plut\u00f4t tout l&rsquo;inverse .. Tout d&rsquo;abord un classique ind\u00e9modable ici au Journal des Poules :Puis quelques articles du blog qui parle de slow m\u00e9dias, (dont le fameux feu de bois !)\u00a0#amustsee :WipEout 2023 Web edition Jouez dans votre [&hellip;]<\/p>\n","protected":false},"author":1,"featured_media":0,"parent":0,"menu_order":0,"comment_status":"closed","ping_status":"closed","template":"","meta":{"_et_pb_use_builder":"on","_et_pb_old_content":"","_et_gb_content_width":"","episode_type":"","audio_file":"","podmotor_file_id":"","podmotor_episode_id":"","cover_image":"","cover_image_id":"","duration":"","filesize":"","filesize_raw":"","date_recorded":"","explicit":"","block":"","itunes_episode_number":"","itunes_title":"","itunes_season_number":"","itunes_episode_type":"","footnotes":""},"class_list":["post-1809","page","type-page","status-publish","hentry"],"aioseo_notices":[],"_links":{"self":[{"href":"https:\/\/www.ease.fr\/wordpress\/wp-json\/wp\/v2\/pages\/1809","targetHints":{"allow":["GET"]}}],"collection":[{"href":"https:\/\/www.ease.fr\/wordpress\/wp-json\/wp\/v2\/pages"}],"about":[{"href":"https:\/\/www.ease.fr\/wordpress\/wp-json\/wp\/v2\/types\/page"}],"author":[{"embeddable":true,"href":"https:\/\/www.ease.fr\/wordpress\/wp-json\/wp\/v2\/users\/1"}],"replies":[{"embeddable":true,"href":"https:\/\/www.ease.fr\/wordpress\/wp-json\/wp\/v2\/comments?post=1809"}],"version-history":[{"count":33,"href":"https:\/\/www.ease.fr\/wordpress\/wp-json\/wp\/v2\/pages\/1809\/revisions"}],"predecessor-version":[{"id":10661,"href":"https:\/\/www.ease.fr\/wordpress\/wp-json\/wp\/v2\/pages\/1809\/revisions\/10661"}],"wp:attachment":[{"href":"https:\/\/www.ease.fr\/wordpress\/wp-json\/wp\/v2\/media?parent=1809"}],"curies":[{"name":"wp","href":"https:\/\/api.w.org\/{rel}","templated":true}]}}